{"id":3679,"date":"2025-05-06T12:42:57","date_gmt":"2025-05-06T12:42:57","guid":{"rendered":"https:\/\/demo.justvalue.se\/direkt\/?post_type=product&#038;p=3679"},"modified":"2025-05-06T12:45:11","modified_gmt":"2025-05-06T12:45:11","slug":"sissel-pilates-toning-ball-2er-set","status":"publish","type":"product","link":"https:\/\/demo.justvalue.se\/direkt\/produkt\/sissel-pilates-toning-ball-2er-set\/","title":{"rendered":"SISSEL\u00ae Pilates Toning Ball 2er-Set"},"content":{"rendered":"<h2><strong>Die perfekte Erg\u00e4nzung f\u00fcr Dein Pilates-Mattenprogramm zuhause!<\/strong><\/h2>\n<p>Die Pilates Toning B\u00e4lle gibt es als 2er Set mit einem Gewicht von 450g oder 900g. Sie sind die perfekte Erg\u00e4nzung f\u00fcr Dein Pilates-Training. und bieten Dir eine Vielfalt an Trainingsm\u00f6glichkeiten verschiedenster Muskelgruppen.<\/p>\n<p>Sie k\u00f6nnen Kraft- und Balance-Training ideal miteinander verbinden: Zum Beispiel werden Liegest\u00fctze schwieriger, da die H\u00e4nde auf den kleinen B\u00e4llen die Balance halten m\u00fcssen. Dazu werden bei jeder Bewegung mehrere Muskelgruppen gleichzeitig gedehnt und gekr\u00e4ftigt \u2013 \u00f6konomischer kann man nicht trainieren.<\/p>\n","protected":false},"excerpt":{"rendered":"<p>inkl. MwSt. zzgl. Versandkosten<br \/>\nSISSEL\u00ae Pilates Toning Ball Set<br \/>\n\u2022 verschiedene Trainingsm\u00f6glichkeiten unterschiedlicher Muskelgruppen<br \/>\n\u2022 k\u00f6nnen gezielt Arme, Schultern und Oberk\u00f6rper trainieren<br \/>\n\u2022 Gewichtsvarianten: 450 g 2er-Set oder 900 g 2er-Set<br \/>\n\u2022 Ma\u00dfe: \u00d8 ca. 9 cm<br \/>\n\u2022 Farbe: blau<br \/>\n\u2022 Material: 100% PVC<br \/>\n\u2022 F\u00fcllung: Sand<\/p>\n","protected":false},"author":2,"featured_media":3897,"template":"","meta":{"_uag_custom_page_level_css":"","site-sidebar-layout":"default","site-content-layout":"","ast-site-content-layout":"default","site-content-style":"default","site-sidebar-style":"default","ast-global-header-display":"","ast-banner-title-visibility":"","ast-main-header-display":"","ast-hfb-above-header-display":"","ast-hfb-below-header-display":"","ast-hfb-mobile-header-display":"","site-post-title":"","ast-breadcrumbs-content":"","ast-featured-img":"","footer-sml-layout":"","theme-transparent-header-meta":"","adv-header-id-meta":"","stick-header-meta":"","header-above-stick-meta":"","header-main-stick-meta":"","header-below-stick-meta":"","astra-migrate-meta-layouts":"default","ast-page-background-enabled":"default","ast-page-background-meta":{"desktop":{"background-color":"var(--ast-global-color-4)","background-image":"","background-repeat":"repeat","background-position":"center center","background-size":"auto","background-attachment":"scroll","background-type":"","background-media":"","overlay-type":"","overlay-color":"","overlay-opacity":"","overlay-gradient":""},"tablet":{"background-color":"","background-image":"","background-repeat":"repeat","background-position":"center center","background-size":"auto","background-attachment":"scroll","background-type":"","background-media":"","overlay-type":"","overlay-color":"","overlay-opacity":"","overlay-gradient":""},"mobile":{"background-color":"","background-image":"","background-repeat":"repeat","background-position":"center center","background-size":"auto","background-attachment":"scroll","background-type":"","background-media":"","overlay-type":"","overlay-color":"","overlay-opacity":"","overlay-gradient":""}},"ast-content-background-meta":{"desktop":{"background-color":"var(--ast-global-color-5)","background-image":"","background-repeat":"repeat","background-position":"center center","background-size":"auto","background-attachment":"scroll","background-type":"","background-media":"","overlay-type":"","overlay-color":"","overlay-opacity":"","overlay-gradient":""},"tablet":{"background-color":"var(--ast-global-color-5)","background-image":"","background-repeat":"repeat","background-position":"center center","background-size":"auto","background-attachment":"scroll","background-type":"","background-media":"","overlay-type":"","overlay-color":"","overlay-opacity":"","overlay-gradient":""},"mobile":{"background-color":"var(--ast-global-color-5)","background-image":"","background-repeat":"repeat","background-position":"center center","background-size":"auto","background-attachment":"scroll","background-type":"","background-media":"","overlay-type":"","overlay-color":"","overlay-opacity":"","overlay-gradient":""}}},"product_brand":[202],"product_cat":[188],"product_tag":[],"class_list":{"0":"post-3679","1":"product","2":"type-product","3":"status-publish","4":"has-post-thumbnail","6":"product_brand-sissel","7":"product_cat-pilatesbollar","8":"desktop-align-left","9":"tablet-align-left","10":"mobile-align-left","11":"ast-product-gallery-layout-horizontal-slider","12":"ast-product-gallery-with-no-image","13":"ast-product-tabs-layout-horizontal","15":"first","16":"instock","17":"shipping-taxable","18":"purchasable","19":"product-type-simple"},"featured_image_urls_v2":{"full":["https:\/\/demo.justvalue.se\/direkt\/wp-content\/uploads\/2025\/05\/sissel-pilates-toning-ball-01.webp",1024,768,false],"thumbnail":["https:\/\/demo.justvalue.se\/direkt\/wp-content\/uploads\/2025\/05\/sissel-pilates-toning-ball-01-150x150.webp",150,150,true],"medium":["https:\/\/demo.justvalue.se\/direkt\/wp-content\/uploads\/2025\/05\/sissel-pilates-toning-ball-01-300x225.webp",300,225,true],"medium_large":["https:\/\/demo.justvalue.se\/direkt\/wp-content\/uploads\/2025\/05\/sissel-pilates-toning-ball-01-768x576.webp",768,576,true],"large":["https:\/\/demo.justvalue.se\/direkt\/wp-content\/uploads\/2025\/05\/sissel-pilates-toning-ball-01.webp",1024,768,false],"1536x1536":["https:\/\/demo.justvalue.se\/direkt\/wp-content\/uploads\/2025\/05\/sissel-pilates-toning-ball-01.webp",1024,768,false],"2048x2048":["https:\/\/demo.justvalue.se\/direkt\/wp-content\/uploads\/2025\/05\/sissel-pilates-toning-ball-01.webp",1024,768,false],"gform-image-choice-sm":["https:\/\/demo.justvalue.se\/direkt\/wp-content\/uploads\/2025\/05\/sissel-pilates-toning-ball-01.webp",300,225,false],"gform-image-choice-md":["https:\/\/demo.justvalue.se\/direkt\/wp-content\/uploads\/2025\/05\/sissel-pilates-toning-ball-01.webp",400,300,false],"gform-image-choice-lg":["https:\/\/demo.justvalue.se\/direkt\/wp-content\/uploads\/2025\/05\/sissel-pilates-toning-ball-01.webp",600,450,false],"woocommerce_thumbnail":["https:\/\/demo.justvalue.se\/direkt\/wp-content\/uploads\/2025\/05\/sissel-pilates-toning-ball-01-300x300.webp",300,300,true],"woocommerce_single":["https:\/\/demo.justvalue.se\/direkt\/wp-content\/uploads\/2025\/05\/sissel-pilates-toning-ball-01-500x375.webp",500,375,true],"woocommerce_gallery_thumbnail":["https:\/\/demo.justvalue.se\/direkt\/wp-content\/uploads\/2025\/05\/sissel-pilates-toning-ball-01-100x100.webp",100,100,true],"variation_swatches_image_size":["https:\/\/demo.justvalue.se\/direkt\/wp-content\/uploads\/2025\/05\/sissel-pilates-toning-ball-01-50x50.webp",50,50,true],"variation_swatches_tooltip_size":["https:\/\/demo.justvalue.se\/direkt\/wp-content\/uploads\/2025\/05\/sissel-pilates-toning-ball-01-100x100.webp",100,100,true]},"post_excerpt_stackable_v2":"<p>inkl. MwSt. zzgl. Versandkosten<br \/>\nSISSEL\u00ae Pilates Toning Ball Set<br \/>\n\u2022 verschiedene Trainingsm\u00f6glichkeiten unterschiedlicher Muskelgruppen<br \/>\n\u2022 k\u00f6nnen gezielt Arme, Schultern und Oberk\u00f6rper trainieren<br \/>\n\u2022 Gewichtsvarianten: 450 g 2er-Set oder 900 g 2er-Set<br \/>\n\u2022 Ma\u00dfe: \u00d8 ca. 9 cm<br \/>\n\u2022 Farbe: blau<br \/>\n\u2022 Material: 100% PVC<br \/>\n\u2022 F\u00fcllung: Sand<\/p>\n","category_list_v2":"","author_info_v2":{"name":"dhia","url":"https:\/\/demo.justvalue.se\/direkt\/author\/dhia\/"},"comments_num_v2":"0 comments","yoast_head":"<!-- This site is optimized with the Yoast SEO Premium plugin v20.4 (Yoast SEO v25.7) - https:\/\/yoast.com\/wordpress\/plugins\/seo\/ -->\n<title>SISSEL\u00ae Pilates Toning Ball 2er-Set -<\/title>\n<meta name=\"robots\" content=\"noindex, follow, max-snippet:-1, max-image-preview:large, max-video-preview:-1\" \/>\n<meta property=\"og:locale\" content=\"sv_SE\" \/>\n<meta property=\"og:type\" content=\"article\" \/>\n<meta property=\"og:title\" content=\"SISSEL\u00ae Pilates Toning Ball 2er-Set\" \/>\n<meta property=\"og:description\" content=\"inkl. MwSt. zzgl. Versandkosten SISSEL\u00ae Pilates Toning Ball Set \u2022 verschiedene Trainingsm\u00f6glichkeiten unterschiedlicher Muskelgruppen \u2022 k\u00f6nnen gezielt Arme, Schultern und Oberk\u00f6rper trainieren \u2022 Gewichtsvarianten: 450 g 2er-Set oder 900 g 2er-Set \u2022 Ma\u00dfe: \u00d8 ca. 9 cm \u2022 Farbe: blau \u2022 Material: 100% PVC \u2022 F\u00fcllung: Sand\" \/>\n<meta property=\"og:url\" content=\"https:\/\/demo.justvalue.se\/direkt\/produkt\/sissel-pilates-toning-ball-2er-set\/\" \/>\n<meta property=\"article:modified_time\" content=\"2025-05-06T12:45:11+00:00\" \/>\n<meta name=\"twitter:card\" content=\"summary_large_image\" \/>\n<script type=\"application\/ld+json\" class=\"yoast-schema-graph\">{\"@context\":\"https:\/\/schema.org\",\"@graph\":[{\"@type\":\"WebPage\",\"@id\":\"https:\/\/demo.justvalue.se\/direkt\/produkt\/sissel-pilates-toning-ball-2er-set\/\",\"url\":\"https:\/\/demo.justvalue.se\/direkt\/produkt\/sissel-pilates-toning-ball-2er-set\/\",\"name\":\"SISSEL\u00ae Pilates Toning Ball 2er-Set -\",\"isPartOf\":{\"@id\":\"https:\/\/demo.justvalue.se\/direkt\/#website\"},\"primaryImageOfPage\":{\"@id\":\"https:\/\/demo.justvalue.se\/direkt\/produkt\/sissel-pilates-toning-ball-2er-set\/#primaryimage\"},\"image\":{\"@id\":\"https:\/\/demo.justvalue.se\/direkt\/produkt\/sissel-pilates-toning-ball-2er-set\/#primaryimage\"},\"thumbnailUrl\":\"https:\/\/demo.justvalue.se\/direkt\/wp-content\/uploads\/2025\/05\/sissel-pilates-toning-ball-01.webp\",\"datePublished\":\"2025-05-06T12:42:57+00:00\",\"dateModified\":\"2025-05-06T12:45:11+00:00\",\"breadcrumb\":{\"@id\":\"https:\/\/demo.justvalue.se\/direkt\/produkt\/sissel-pilates-toning-ball-2er-set\/#breadcrumb\"},\"inLanguage\":\"sv-SE\",\"potentialAction\":[{\"@type\":\"ReadAction\",\"target\":[\"https:\/\/demo.justvalue.se\/direkt\/produkt\/sissel-pilates-toning-ball-2er-set\/\"]}]},{\"@type\":\"ImageObject\",\"inLanguage\":\"sv-SE\",\"@id\":\"https:\/\/demo.justvalue.se\/direkt\/produkt\/sissel-pilates-toning-ball-2er-set\/#primaryimage\",\"url\":\"https:\/\/demo.justvalue.se\/direkt\/wp-content\/uploads\/2025\/05\/sissel-pilates-toning-ball-01.webp\",\"contentUrl\":\"https:\/\/demo.justvalue.se\/direkt\/wp-content\/uploads\/2025\/05\/sissel-pilates-toning-ball-01.webp\",\"width\":1024,\"height\":768},{\"@type\":\"BreadcrumbList\",\"@id\":\"https:\/\/demo.justvalue.se\/direkt\/produkt\/sissel-pilates-toning-ball-2er-set\/#breadcrumb\",\"itemListElement\":[{\"@type\":\"ListItem\",\"position\":1,\"name\":\"Home\",\"item\":\"https:\/\/demo.justvalue.se\/direkt\/\"},{\"@type\":\"ListItem\",\"position\":2,\"name\":\"Alla Produkter\",\"item\":\"https:\/\/demo.justvalue.se\/direkt\/alla-produkter\/\"},{\"@type\":\"ListItem\",\"position\":3,\"name\":\"SISSEL\u00ae Pilates Toning Ball 2er-Set\"}]},{\"@type\":\"WebSite\",\"@id\":\"https:\/\/demo.justvalue.se\/direkt\/#website\",\"url\":\"https:\/\/demo.justvalue.se\/direkt\/\",\"name\":\"\",\"description\":\"K\u00f6padirekt\",\"potentialAction\":[{\"@type\":\"SearchAction\",\"target\":{\"@type\":\"EntryPoint\",\"urlTemplate\":\"https:\/\/demo.justvalue.se\/direkt\/?s={search_term_string}\"},\"query-input\":{\"@type\":\"PropertyValueSpecification\",\"valueRequired\":true,\"valueName\":\"search_term_string\"}}],\"inLanguage\":\"sv-SE\"}]}<\/script>\n<!-- \/ Yoast SEO Premium plugin. -->","yoast_head_json":{"title":"SISSEL\u00ae Pilates Toning Ball 2er-Set -","robots":{"index":"noindex","follow":"follow","max-snippet":"max-snippet:-1","max-image-preview":"max-image-preview:large","max-video-preview":"max-video-preview:-1"},"og_locale":"sv_SE","og_type":"article","og_title":"SISSEL\u00ae Pilates Toning Ball 2er-Set","og_description":"inkl. MwSt. zzgl. Versandkosten SISSEL\u00ae Pilates Toning Ball Set \u2022 verschiedene Trainingsm\u00f6glichkeiten unterschiedlicher Muskelgruppen \u2022 k\u00f6nnen gezielt Arme, Schultern und Oberk\u00f6rper trainieren \u2022 Gewichtsvarianten: 450 g 2er-Set oder 900 g 2er-Set \u2022 Ma\u00dfe: \u00d8 ca. 9 cm \u2022 Farbe: blau \u2022 Material: 100% PVC \u2022 F\u00fcllung: Sand","og_url":"https:\/\/demo.justvalue.se\/direkt\/produkt\/sissel-pilates-toning-ball-2er-set\/","article_modified_time":"2025-05-06T12:45:11+00:00","twitter_card":"summary_large_image","schema":{"@context":"https:\/\/schema.org","@graph":[{"@type":"WebPage","@id":"https:\/\/demo.justvalue.se\/direkt\/produkt\/sissel-pilates-toning-ball-2er-set\/","url":"https:\/\/demo.justvalue.se\/direkt\/produkt\/sissel-pilates-toning-ball-2er-set\/","name":"SISSEL\u00ae Pilates Toning Ball 2er-Set -","isPartOf":{"@id":"https:\/\/demo.justvalue.se\/direkt\/#website"},"primaryImageOfPage":{"@id":"https:\/\/demo.justvalue.se\/direkt\/produkt\/sissel-pilates-toning-ball-2er-set\/#primaryimage"},"image":{"@id":"https:\/\/demo.justvalue.se\/direkt\/produkt\/sissel-pilates-toning-ball-2er-set\/#primaryimage"},"thumbnailUrl":"https:\/\/demo.justvalue.se\/direkt\/wp-content\/uploads\/2025\/05\/sissel-pilates-toning-ball-01.webp","datePublished":"2025-05-06T12:42:57+00:00","dateModified":"2025-05-06T12:45:11+00:00","breadcrumb":{"@id":"https:\/\/demo.justvalue.se\/direkt\/produkt\/sissel-pilates-toning-ball-2er-set\/#breadcrumb"},"inLanguage":"sv-SE","potentialAction":[{"@type":"ReadAction","target":["https:\/\/demo.justvalue.se\/direkt\/produkt\/sissel-pilates-toning-ball-2er-set\/"]}]},{"@type":"ImageObject","inLanguage":"sv-SE","@id":"https:\/\/demo.justvalue.se\/direkt\/produkt\/sissel-pilates-toning-ball-2er-set\/#primaryimage","url":"https:\/\/demo.justvalue.se\/direkt\/wp-content\/uploads\/2025\/05\/sissel-pilates-toning-ball-01.webp","contentUrl":"https:\/\/demo.justvalue.se\/direkt\/wp-content\/uploads\/2025\/05\/sissel-pilates-toning-ball-01.webp","width":1024,"height":768},{"@type":"BreadcrumbList","@id":"https:\/\/demo.justvalue.se\/direkt\/produkt\/sissel-pilates-toning-ball-2er-set\/#breadcrumb","itemListElement":[{"@type":"ListItem","position":1,"name":"Home","item":"https:\/\/demo.justvalue.se\/direkt\/"},{"@type":"ListItem","position":2,"name":"Alla Produkter","item":"https:\/\/demo.justvalue.se\/direkt\/alla-produkter\/"},{"@type":"ListItem","position":3,"name":"SISSEL\u00ae Pilates Toning Ball 2er-Set"}]},{"@type":"WebSite","@id":"https:\/\/demo.justvalue.se\/direkt\/#website","url":"https:\/\/demo.justvalue.se\/direkt\/","name":"","description":"K\u00f6padirekt","potentialAction":[{"@type":"SearchAction","target":{"@type":"EntryPoint","urlTemplate":"https:\/\/demo.justvalue.se\/direkt\/?s={search_term_string}"},"query-input":{"@type":"PropertyValueSpecification","valueRequired":true,"valueName":"search_term_string"}}],"inLanguage":"sv-SE"}]}},"uagb_featured_image_src":{"full":["https:\/\/demo.justvalue.se\/direkt\/wp-content\/uploads\/2025\/05\/sissel-pilates-toning-ball-01.webp",1024,768,false],"thumbnail":["https:\/\/demo.justvalue.se\/direkt\/wp-content\/uploads\/2025\/05\/sissel-pilates-toning-ball-01-150x150.webp",150,150,true],"medium":["https:\/\/demo.justvalue.se\/direkt\/wp-content\/uploads\/2025\/05\/sissel-pilates-toning-ball-01-300x225.webp",300,225,true],"medium_large":["https:\/\/demo.justvalue.se\/direkt\/wp-content\/uploads\/2025\/05\/sissel-pilates-toning-ball-01-768x576.webp",768,576,true],"large":["https:\/\/demo.justvalue.se\/direkt\/wp-content\/uploads\/2025\/05\/sissel-pilates-toning-ball-01.webp",1024,768,false],"1536x1536":["https:\/\/demo.justvalue.se\/direkt\/wp-content\/uploads\/2025\/05\/sissel-pilates-toning-ball-01.webp",1024,768,false],"2048x2048":["https:\/\/demo.justvalue.se\/direkt\/wp-content\/uploads\/2025\/05\/sissel-pilates-toning-ball-01.webp",1024,768,false],"gform-image-choice-sm":["https:\/\/demo.justvalue.se\/direkt\/wp-content\/uploads\/2025\/05\/sissel-pilates-toning-ball-01.webp",300,225,false],"gform-image-choice-md":["https:\/\/demo.justvalue.se\/direkt\/wp-content\/uploads\/2025\/05\/sissel-pilates-toning-ball-01.webp",400,300,false],"gform-image-choice-lg":["https:\/\/demo.justvalue.se\/direkt\/wp-content\/uploads\/2025\/05\/sissel-pilates-toning-ball-01.webp",600,450,false],"woocommerce_thumbnail":["https:\/\/demo.justvalue.se\/direkt\/wp-content\/uploads\/2025\/05\/sissel-pilates-toning-ball-01-300x300.webp",300,300,true],"woocommerce_single":["https:\/\/demo.justvalue.se\/direkt\/wp-content\/uploads\/2025\/05\/sissel-pilates-toning-ball-01-500x375.webp",500,375,true],"woocommerce_gallery_thumbnail":["https:\/\/demo.justvalue.se\/direkt\/wp-content\/uploads\/2025\/05\/sissel-pilates-toning-ball-01-100x100.webp",100,100,true],"variation_swatches_image_size":["https:\/\/demo.justvalue.se\/direkt\/wp-content\/uploads\/2025\/05\/sissel-pilates-toning-ball-01-50x50.webp",50,50,true],"variation_swatches_tooltip_size":["https:\/\/demo.justvalue.se\/direkt\/wp-content\/uploads\/2025\/05\/sissel-pilates-toning-ball-01-100x100.webp",100,100,true]},"uagb_author_info":{"display_name":"dhia","author_link":"https:\/\/demo.justvalue.se\/direkt\/author\/dhia\/"},"uagb_comment_info":0,"uagb_excerpt":"inkl. MwSt. zzgl. Versandkosten SISSEL\u00ae Pilates Toning Ball Set \u2022 verschiedene Trainingsm\u00f6glichkeiten unterschiedlicher Muskelgruppen \u2022 k\u00f6nnen gezielt Arme, Schultern und Oberk\u00f6rper trainieren \u2022 Gewichtsvarianten: 450 g 2er-Set oder 900 g 2er-Set \u2022 Ma\u00dfe: \u00d8 ca. 9 cm \u2022 Farbe: blau \u2022 Material: 100% PVC \u2022 F\u00fcllung: Sand","_links":{"self":[{"href":"https:\/\/demo.justvalue.se\/direkt\/wp-json\/wp\/v2\/product\/3679","targetHints":{"allow":["GET"]}}],"collection":[{"href":"https:\/\/demo.justvalue.se\/direkt\/wp-json\/wp\/v2\/product"}],"about":[{"href":"https:\/\/demo.justvalue.se\/direkt\/wp-json\/wp\/v2\/types\/product"}],"author":[{"embeddable":true,"href":"https:\/\/demo.justvalue.se\/direkt\/wp-json\/wp\/v2\/users\/2"}],"wp:featuredmedia":[{"embeddable":true,"href":"https:\/\/demo.justvalue.se\/direkt\/wp-json\/wp\/v2\/media\/3897"}],"wp:attachment":[{"href":"https:\/\/demo.justvalue.se\/direkt\/wp-json\/wp\/v2\/media?parent=3679"}],"wp:term":[{"taxonomy":"product_brand","embeddable":true,"href":"https:\/\/demo.justvalue.se\/direkt\/wp-json\/wp\/v2\/product_brand?post=3679"},{"taxonomy":"product_cat","embeddable":true,"href":"https:\/\/demo.justvalue.se\/direkt\/wp-json\/wp\/v2\/product_cat?post=3679"},{"taxonomy":"product_tag","embeddable":true,"href":"https:\/\/demo.justvalue.se\/direkt\/wp-json\/wp\/v2\/product_tag?post=3679"}],"curies":[{"name":"wp","href":"https:\/\/api.w.org\/{rel}","templated":true}]}}