{"id":3723,"date":"2025-05-06T12:43:19","date_gmt":"2025-05-06T12:43:19","guid":{"rendered":"https:\/\/demo.justvalue.se\/direkt\/?post_type=product&#038;p=3723"},"modified":"2025-05-06T12:45:16","modified_gmt":"2025-05-06T12:45:16","slug":"sissel-pilates-circle-compact","status":"publish","type":"product","link":"https:\/\/demo.justvalue.se\/direkt\/produkt\/sissel-pilates-circle-compact\/","title":{"rendered":"SISSEL\u00ae Pilates Circle Compact"},"content":{"rendered":"<h2>Der Pilates Ring von SISSEL<\/h2>\n<p><strong>erm\u00f6glicht viele \u00dcbungen im Oberk\u00f6rper- und im Beinbereich.<\/strong><\/p>\n<p>Dieser Widerstandsring erweitert das Pilates-Training und kann dem Training mehr Variabilit\u00e4t geben.<\/p>\n<p>Der Pilates Ring ist mit einer weichen Antirutsch-Gummierung ummantelt. F\u00fcr eine angenehme Anwendung w\u00e4hrend des Workouts. Durch die beidseitig angebrachten Schaumstoff Polster l\u00e4sst er sich sehr gut mit den H\u00e4nden von au\u00dfen oder innen festhalten, oder mit deren Hilfe gut zwischen die Beine klemmen.<\/p>\n<p>Der Pilates Ring erweitert das Training nicht nur Zuhause, sondern auch im Fitnessstudio. Bei \u00dcbungen mit dem Pilates Ring ist immer eine Mischung aus Kraft und Koordination\/Stabilisation gefragt.<\/p>\n<p>Der Pilates Ring ist f\u00fcr Anf\u00e4nger und auch Profis geeignet. Er kann ebenfalls im Reha-Training und im Gesundheitssport eingesetzt werden.<\/p>\n<p><strong>Lieferumfang<\/strong><\/p>\n<ul>\n<li>1 \u00d7 Pilates Circle Compact<\/li>\n<li>inkl. \u00dcbungsposter<\/li>\n<\/ul>\n<p>&nbsp;<\/p>\n","protected":false},"excerpt":{"rendered":"<p>inkl. MwSt. zzgl. Versandkosten<br \/>\n\u2022 Farbe: lime<br \/>\n\u2022 Ma\u00dfe: Durchmesser ca. 27 cm<br \/>\n\u2022 effektiver Widerstandsring<br \/>\n\u2022 eingefasster Glasfaserring mit beidseitigen Polster<\/p>\n","protected":false},"author":2,"featured_media":3903,"template":"","meta":{"_uag_custom_page_level_css":"","site-sidebar-layout":"default","site-content-layout":"","ast-site-content-layout":"default","site-content-style":"default","site-sidebar-style":"default","ast-global-header-display":"","ast-banner-title-visibility":"","ast-main-header-display":"","ast-hfb-above-header-display":"","ast-hfb-below-header-display":"","ast-hfb-mobile-header-display":"","site-post-title":"","ast-breadcrumbs-content":"","ast-featured-img":"","footer-sml-layout":"","theme-transparent-header-meta":"","adv-header-id-meta":"","stick-header-meta":"","header-above-stick-meta":"","header-main-stick-meta":"","header-below-stick-meta":"","astra-migrate-meta-layouts":"default","ast-page-background-enabled":"default","ast-page-background-meta":{"desktop":{"background-color":"var(--ast-global-color-4)","background-image":"","background-repeat":"repeat","background-position":"center center","background-size":"auto","background-attachment":"scroll","background-type":"","background-media":"","overlay-type":"","overlay-color":"","overlay-opacity":"","overlay-gradient":""},"tablet":{"background-color":"","background-image":"","background-repeat":"repeat","background-position":"center center","background-size":"auto","background-attachment":"scroll","background-type":"","background-media":"","overlay-type":"","overlay-color":"","overlay-opacity":"","overlay-gradient":""},"mobile":{"background-color":"","background-image":"","background-repeat":"repeat","background-position":"center center","background-size":"auto","background-attachment":"scroll","background-type":"","background-media":"","overlay-type":"","overlay-color":"","overlay-opacity":"","overlay-gradient":""}},"ast-content-background-meta":{"desktop":{"background-color":"var(--ast-global-color-5)","background-image":"","background-repeat":"repeat","background-position":"center center","background-size":"auto","background-attachment":"scroll","background-type":"","background-media":"","overlay-type":"","overlay-color":"","overlay-opacity":"","overlay-gradient":""},"tablet":{"background-color":"var(--ast-global-color-5)","background-image":"","background-repeat":"repeat","background-position":"center center","background-size":"auto","background-attachment":"scroll","background-type":"","background-media":"","overlay-type":"","overlay-color":"","overlay-opacity":"","overlay-gradient":""},"mobile":{"background-color":"var(--ast-global-color-5)","background-image":"","background-repeat":"repeat","background-position":"center center","background-size":"auto","background-attachment":"scroll","background-type":"","background-media":"","overlay-type":"","overlay-color":"","overlay-opacity":"","overlay-gradient":""}}},"product_brand":[202],"product_cat":[194],"product_tag":[],"class_list":{"0":"post-3723","1":"product","2":"type-product","3":"status-publish","4":"has-post-thumbnail","6":"product_brand-sissel","7":"product_cat-pilatesringar","8":"desktop-align-left","9":"tablet-align-left","10":"mobile-align-left","11":"ast-product-gallery-layout-horizontal-slider","12":"ast-product-gallery-with-no-image","13":"ast-product-tabs-layout-horizontal","15":"first","16":"instock","17":"shipping-taxable","18":"purchasable","19":"product-type-simple"},"featured_image_urls_v2":{"full":["https:\/\/demo.justvalue.se\/direkt\/wp-content\/uploads\/2025\/05\/pilates_circle_compact_4.webp",1024,768,false],"thumbnail":["https:\/\/demo.justvalue.se\/direkt\/wp-content\/uploads\/2025\/05\/pilates_circle_compact_4-150x150.webp",150,150,true],"medium":["https:\/\/demo.justvalue.se\/direkt\/wp-content\/uploads\/2025\/05\/pilates_circle_compact_4-300x225.webp",300,225,true],"medium_large":["https:\/\/demo.justvalue.se\/direkt\/wp-content\/uploads\/2025\/05\/pilates_circle_compact_4-768x576.webp",768,576,true],"large":["https:\/\/demo.justvalue.se\/direkt\/wp-content\/uploads\/2025\/05\/pilates_circle_compact_4.webp",1024,768,false],"1536x1536":["https:\/\/demo.justvalue.se\/direkt\/wp-content\/uploads\/2025\/05\/pilates_circle_compact_4.webp",1024,768,false],"2048x2048":["https:\/\/demo.justvalue.se\/direkt\/wp-content\/uploads\/2025\/05\/pilates_circle_compact_4.webp",1024,768,false],"gform-image-choice-sm":["https:\/\/demo.justvalue.se\/direkt\/wp-content\/uploads\/2025\/05\/pilates_circle_compact_4.webp",300,225,false],"gform-image-choice-md":["https:\/\/demo.justvalue.se\/direkt\/wp-content\/uploads\/2025\/05\/pilates_circle_compact_4.webp",400,300,false],"gform-image-choice-lg":["https:\/\/demo.justvalue.se\/direkt\/wp-content\/uploads\/2025\/05\/pilates_circle_compact_4.webp",600,450,false],"woocommerce_thumbnail":["https:\/\/demo.justvalue.se\/direkt\/wp-content\/uploads\/2025\/05\/pilates_circle_compact_4-300x300.webp",300,300,true],"woocommerce_single":["https:\/\/demo.justvalue.se\/direkt\/wp-content\/uploads\/2025\/05\/pilates_circle_compact_4-500x375.webp",500,375,true],"woocommerce_gallery_thumbnail":["https:\/\/demo.justvalue.se\/direkt\/wp-content\/uploads\/2025\/05\/pilates_circle_compact_4-100x100.webp",100,100,true],"variation_swatches_image_size":["https:\/\/demo.justvalue.se\/direkt\/wp-content\/uploads\/2025\/05\/pilates_circle_compact_4-50x50.webp",50,50,true],"variation_swatches_tooltip_size":["https:\/\/demo.justvalue.se\/direkt\/wp-content\/uploads\/2025\/05\/pilates_circle_compact_4-100x100.webp",100,100,true]},"post_excerpt_stackable_v2":"<p>inkl. MwSt. zzgl. Versandkosten<br \/>\n\u2022 Farbe: lime<br \/>\n\u2022 Ma\u00dfe: Durchmesser ca. 27 cm<br \/>\n\u2022 effektiver Widerstandsring<br \/>\n\u2022 eingefasster Glasfaserring mit beidseitigen Polster<\/p>\n","category_list_v2":"","author_info_v2":{"name":"dhia","url":"https:\/\/demo.justvalue.se\/direkt\/author\/dhia\/"},"comments_num_v2":"0 comments","yoast_head":"<!-- This site is optimized with the Yoast SEO Premium plugin v20.4 (Yoast SEO v25.7) - https:\/\/yoast.com\/wordpress\/plugins\/seo\/ -->\n<title>SISSEL\u00ae Pilates Circle Compact -<\/title>\n<meta name=\"robots\" content=\"noindex, follow, max-snippet:-1, max-image-preview:large, max-video-preview:-1\" \/>\n<meta property=\"og:locale\" content=\"sv_SE\" \/>\n<meta property=\"og:type\" content=\"article\" \/>\n<meta property=\"og:title\" content=\"SISSEL\u00ae Pilates Circle Compact\" \/>\n<meta property=\"og:description\" content=\"inkl. MwSt. zzgl. Versandkosten \u2022 Farbe: lime \u2022 Ma\u00dfe: Durchmesser ca. 27 cm \u2022 effektiver Widerstandsring \u2022 eingefasster Glasfaserring mit beidseitigen Polster\" \/>\n<meta property=\"og:url\" content=\"https:\/\/demo.justvalue.se\/direkt\/produkt\/sissel-pilates-circle-compact\/\" \/>\n<meta property=\"article:modified_time\" content=\"2025-05-06T12:45:16+00:00\" \/>\n<meta name=\"twitter:card\" content=\"summary_large_image\" \/>\n<meta name=\"twitter:label1\" content=\"Ber\u00e4knad l\u00e4stid\" \/>\n\t<meta name=\"twitter:data1\" content=\"1 minut\" \/>\n<script type=\"application\/ld+json\" class=\"yoast-schema-graph\">{\"@context\":\"https:\/\/schema.org\",\"@graph\":[{\"@type\":\"WebPage\",\"@id\":\"https:\/\/demo.justvalue.se\/direkt\/produkt\/sissel-pilates-circle-compact\/\",\"url\":\"https:\/\/demo.justvalue.se\/direkt\/produkt\/sissel-pilates-circle-compact\/\",\"name\":\"SISSEL\u00ae Pilates Circle Compact -\",\"isPartOf\":{\"@id\":\"https:\/\/demo.justvalue.se\/direkt\/#website\"},\"primaryImageOfPage\":{\"@id\":\"https:\/\/demo.justvalue.se\/direkt\/produkt\/sissel-pilates-circle-compact\/#primaryimage\"},\"image\":{\"@id\":\"https:\/\/demo.justvalue.se\/direkt\/produkt\/sissel-pilates-circle-compact\/#primaryimage\"},\"thumbnailUrl\":\"https:\/\/demo.justvalue.se\/direkt\/wp-content\/uploads\/2025\/05\/pilates_circle_compact_4.webp\",\"datePublished\":\"2025-05-06T12:43:19+00:00\",\"dateModified\":\"2025-05-06T12:45:16+00:00\",\"breadcrumb\":{\"@id\":\"https:\/\/demo.justvalue.se\/direkt\/produkt\/sissel-pilates-circle-compact\/#breadcrumb\"},\"inLanguage\":\"sv-SE\",\"potentialAction\":[{\"@type\":\"ReadAction\",\"target\":[\"https:\/\/demo.justvalue.se\/direkt\/produkt\/sissel-pilates-circle-compact\/\"]}]},{\"@type\":\"ImageObject\",\"inLanguage\":\"sv-SE\",\"@id\":\"https:\/\/demo.justvalue.se\/direkt\/produkt\/sissel-pilates-circle-compact\/#primaryimage\",\"url\":\"https:\/\/demo.justvalue.se\/direkt\/wp-content\/uploads\/2025\/05\/pilates_circle_compact_4.webp\",\"contentUrl\":\"https:\/\/demo.justvalue.se\/direkt\/wp-content\/uploads\/2025\/05\/pilates_circle_compact_4.webp\",\"width\":1024,\"height\":768},{\"@type\":\"BreadcrumbList\",\"@id\":\"https:\/\/demo.justvalue.se\/direkt\/produkt\/sissel-pilates-circle-compact\/#breadcrumb\",\"itemListElement\":[{\"@type\":\"ListItem\",\"position\":1,\"name\":\"Home\",\"item\":\"https:\/\/demo.justvalue.se\/direkt\/\"},{\"@type\":\"ListItem\",\"position\":2,\"name\":\"Alla Produkter\",\"item\":\"https:\/\/demo.justvalue.se\/direkt\/alla-produkter\/\"},{\"@type\":\"ListItem\",\"position\":3,\"name\":\"SISSEL\u00ae Pilates Circle Compact\"}]},{\"@type\":\"WebSite\",\"@id\":\"https:\/\/demo.justvalue.se\/direkt\/#website\",\"url\":\"https:\/\/demo.justvalue.se\/direkt\/\",\"name\":\"\",\"description\":\"K\u00f6padirekt\",\"potentialAction\":[{\"@type\":\"SearchAction\",\"target\":{\"@type\":\"EntryPoint\",\"urlTemplate\":\"https:\/\/demo.justvalue.se\/direkt\/?s={search_term_string}\"},\"query-input\":{\"@type\":\"PropertyValueSpecification\",\"valueRequired\":true,\"valueName\":\"search_term_string\"}}],\"inLanguage\":\"sv-SE\"}]}<\/script>\n<!-- \/ Yoast SEO Premium plugin. -->","yoast_head_json":{"title":"SISSEL\u00ae Pilates Circle Compact -","robots":{"index":"noindex","follow":"follow","max-snippet":"max-snippet:-1","max-image-preview":"max-image-preview:large","max-video-preview":"max-video-preview:-1"},"og_locale":"sv_SE","og_type":"article","og_title":"SISSEL\u00ae Pilates Circle Compact","og_description":"inkl. MwSt. zzgl. Versandkosten \u2022 Farbe: lime \u2022 Ma\u00dfe: Durchmesser ca. 27 cm \u2022 effektiver Widerstandsring \u2022 eingefasster Glasfaserring mit beidseitigen Polster","og_url":"https:\/\/demo.justvalue.se\/direkt\/produkt\/sissel-pilates-circle-compact\/","article_modified_time":"2025-05-06T12:45:16+00:00","twitter_card":"summary_large_image","twitter_misc":{"Ber\u00e4knad l\u00e4stid":"1 minut"},"schema":{"@context":"https:\/\/schema.org","@graph":[{"@type":"WebPage","@id":"https:\/\/demo.justvalue.se\/direkt\/produkt\/sissel-pilates-circle-compact\/","url":"https:\/\/demo.justvalue.se\/direkt\/produkt\/sissel-pilates-circle-compact\/","name":"SISSEL\u00ae Pilates Circle Compact -","isPartOf":{"@id":"https:\/\/demo.justvalue.se\/direkt\/#website"},"primaryImageOfPage":{"@id":"https:\/\/demo.justvalue.se\/direkt\/produkt\/sissel-pilates-circle-compact\/#primaryimage"},"image":{"@id":"https:\/\/demo.justvalue.se\/direkt\/produkt\/sissel-pilates-circle-compact\/#primaryimage"},"thumbnailUrl":"https:\/\/demo.justvalue.se\/direkt\/wp-content\/uploads\/2025\/05\/pilates_circle_compact_4.webp","datePublished":"2025-05-06T12:43:19+00:00","dateModified":"2025-05-06T12:45:16+00:00","breadcrumb":{"@id":"https:\/\/demo.justvalue.se\/direkt\/produkt\/sissel-pilates-circle-compact\/#breadcrumb"},"inLanguage":"sv-SE","potentialAction":[{"@type":"ReadAction","target":["https:\/\/demo.justvalue.se\/direkt\/produkt\/sissel-pilates-circle-compact\/"]}]},{"@type":"ImageObject","inLanguage":"sv-SE","@id":"https:\/\/demo.justvalue.se\/direkt\/produkt\/sissel-pilates-circle-compact\/#primaryimage","url":"https:\/\/demo.justvalue.se\/direkt\/wp-content\/uploads\/2025\/05\/pilates_circle_compact_4.webp","contentUrl":"https:\/\/demo.justvalue.se\/direkt\/wp-content\/uploads\/2025\/05\/pilates_circle_compact_4.webp","width":1024,"height":768},{"@type":"BreadcrumbList","@id":"https:\/\/demo.justvalue.se\/direkt\/produkt\/sissel-pilates-circle-compact\/#breadcrumb","itemListElement":[{"@type":"ListItem","position":1,"name":"Home","item":"https:\/\/demo.justvalue.se\/direkt\/"},{"@type":"ListItem","position":2,"name":"Alla Produkter","item":"https:\/\/demo.justvalue.se\/direkt\/alla-produkter\/"},{"@type":"ListItem","position":3,"name":"SISSEL\u00ae Pilates Circle Compact"}]},{"@type":"WebSite","@id":"https:\/\/demo.justvalue.se\/direkt\/#website","url":"https:\/\/demo.justvalue.se\/direkt\/","name":"","description":"K\u00f6padirekt","potentialAction":[{"@type":"SearchAction","target":{"@type":"EntryPoint","urlTemplate":"https:\/\/demo.justvalue.se\/direkt\/?s={search_term_string}"},"query-input":{"@type":"PropertyValueSpecification","valueRequired":true,"valueName":"search_term_string"}}],"inLanguage":"sv-SE"}]}},"uagb_featured_image_src":{"full":["https:\/\/demo.justvalue.se\/direkt\/wp-content\/uploads\/2025\/05\/pilates_circle_compact_4.webp",1024,768,false],"thumbnail":["https:\/\/demo.justvalue.se\/direkt\/wp-content\/uploads\/2025\/05\/pilates_circle_compact_4-150x150.webp",150,150,true],"medium":["https:\/\/demo.justvalue.se\/direkt\/wp-content\/uploads\/2025\/05\/pilates_circle_compact_4-300x225.webp",300,225,true],"medium_large":["https:\/\/demo.justvalue.se\/direkt\/wp-content\/uploads\/2025\/05\/pilates_circle_compact_4-768x576.webp",768,576,true],"large":["https:\/\/demo.justvalue.se\/direkt\/wp-content\/uploads\/2025\/05\/pilates_circle_compact_4.webp",1024,768,false],"1536x1536":["https:\/\/demo.justvalue.se\/direkt\/wp-content\/uploads\/2025\/05\/pilates_circle_compact_4.webp",1024,768,false],"2048x2048":["https:\/\/demo.justvalue.se\/direkt\/wp-content\/uploads\/2025\/05\/pilates_circle_compact_4.webp",1024,768,false],"gform-image-choice-sm":["https:\/\/demo.justvalue.se\/direkt\/wp-content\/uploads\/2025\/05\/pilates_circle_compact_4.webp",300,225,false],"gform-image-choice-md":["https:\/\/demo.justvalue.se\/direkt\/wp-content\/uploads\/2025\/05\/pilates_circle_compact_4.webp",400,300,false],"gform-image-choice-lg":["https:\/\/demo.justvalue.se\/direkt\/wp-content\/uploads\/2025\/05\/pilates_circle_compact_4.webp",600,450,false],"woocommerce_thumbnail":["https:\/\/demo.justvalue.se\/direkt\/wp-content\/uploads\/2025\/05\/pilates_circle_compact_4-300x300.webp",300,300,true],"woocommerce_single":["https:\/\/demo.justvalue.se\/direkt\/wp-content\/uploads\/2025\/05\/pilates_circle_compact_4-500x375.webp",500,375,true],"woocommerce_gallery_thumbnail":["https:\/\/demo.justvalue.se\/direkt\/wp-content\/uploads\/2025\/05\/pilates_circle_compact_4-100x100.webp",100,100,true],"variation_swatches_image_size":["https:\/\/demo.justvalue.se\/direkt\/wp-content\/uploads\/2025\/05\/pilates_circle_compact_4-50x50.webp",50,50,true],"variation_swatches_tooltip_size":["https:\/\/demo.justvalue.se\/direkt\/wp-content\/uploads\/2025\/05\/pilates_circle_compact_4-100x100.webp",100,100,true]},"uagb_author_info":{"display_name":"dhia","author_link":"https:\/\/demo.justvalue.se\/direkt\/author\/dhia\/"},"uagb_comment_info":0,"uagb_excerpt":"inkl. MwSt. zzgl. Versandkosten \u2022 Farbe: lime \u2022 Ma\u00dfe: Durchmesser ca. 27 cm \u2022 effektiver Widerstandsring \u2022 eingefasster Glasfaserring mit beidseitigen Polster","_links":{"self":[{"href":"https:\/\/demo.justvalue.se\/direkt\/wp-json\/wp\/v2\/product\/3723","targetHints":{"allow":["GET"]}}],"collection":[{"href":"https:\/\/demo.justvalue.se\/direkt\/wp-json\/wp\/v2\/product"}],"about":[{"href":"https:\/\/demo.justvalue.se\/direkt\/wp-json\/wp\/v2\/types\/product"}],"author":[{"embeddable":true,"href":"https:\/\/demo.justvalue.se\/direkt\/wp-json\/wp\/v2\/users\/2"}],"wp:featuredmedia":[{"embeddable":true,"href":"https:\/\/demo.justvalue.se\/direkt\/wp-json\/wp\/v2\/media\/3903"}],"wp:attachment":[{"href":"https:\/\/demo.justvalue.se\/direkt\/wp-json\/wp\/v2\/media?parent=3723"}],"wp:term":[{"taxonomy":"product_brand","embeddable":true,"href":"https:\/\/demo.justvalue.se\/direkt\/wp-json\/wp\/v2\/product_brand?post=3723"},{"taxonomy":"product_cat","embeddable":true,"href":"https:\/\/demo.justvalue.se\/direkt\/wp-json\/wp\/v2\/product_cat?post=3723"},{"taxonomy":"product_tag","embeddable":true,"href":"https:\/\/demo.justvalue.se\/direkt\/wp-json\/wp\/v2\/product_tag?post=3723"}],"curies":[{"name":"wp","href":"https:\/\/api.w.org\/{rel}","templated":true}]}}