{"id":3727,"date":"2025-05-06T12:43:20","date_gmt":"2025-05-06T12:43:20","guid":{"rendered":"https:\/\/demo.justvalue.se\/direkt\/?post_type=product&#038;p=3727"},"modified":"2025-05-06T12:45:19","modified_gmt":"2025-05-06T12:45:19","slug":"stromsund-talalay-kudde-15-cm","status":"publish","type":"product","link":"https:\/\/demo.justvalue.se\/direkt\/produkt\/stromsund-talalay-kudde-15-cm\/","title":{"rendered":"Str\u00f6msund Talalay-kudde (15 cm)"},"content":{"rendered":"<div class=\"sovmer-additional-wrapper\">\n<h3>Produktinformation<\/h3>\n<table class=\"woocommerce-product-attributes shop_attributes\" aria-label=\"Produktdetaljer\">\n<tbody>\n<tr class=\"woocommerce-product-attributes-item woocommerce-product-attributes-item--weight\">\n<th class=\"woocommerce-product-attributes-item__label\" scope=\"row\">Vikt<\/th>\n<td class=\"woocommerce-product-attributes-item__value\" data-o_content=\"N\/A\">1,5 kg<\/td>\n<\/tr>\n<tr class=\"woocommerce-product-attributes-item woocommerce-product-attributes-item--attribute_%c3%b6verdrag\">\n<th class=\"woocommerce-product-attributes-item__label\" scope=\"row\">\u00d6verdrag<\/th>\n<td class=\"woocommerce-product-attributes-item__value\">65% polyester, 35% lyocell<\/td>\n<\/tr>\n<tr class=\"woocommerce-product-attributes-item woocommerce-product-attributes-item--attribute_innertyg\">\n<th class=\"woocommerce-product-attributes-item__label\" scope=\"row\">Innertyg<\/th>\n<td class=\"woocommerce-product-attributes-item__value\">100% polyester<\/td>\n<\/tr>\n<tr class=\"woocommerce-product-attributes-item woocommerce-product-attributes-item--attribute_fyllning\">\n<th class=\"woocommerce-product-attributes-item__label\" scope=\"row\">Fyllning<\/th>\n<td class=\"woocommerce-product-attributes-item__value\">100% naturlatex<\/td>\n<\/tr>\n<tr class=\"woocommerce-product-attributes-item woocommerce-product-attributes-item--attribute_m%c3%a5tt\">\n<th class=\"woocommerce-product-attributes-item__label\" scope=\"row\">M\u00e5tt<\/th>\n<td class=\"woocommerce-product-attributes-item__value\">62x40x15cm, 62x40x11cm<\/td>\n<\/tr>\n<\/tbody>\n<\/table>\n<\/div>\n<div class=\"sovmer-additional-content\">\n<p><strong>Tv\u00e4ttr\u00e5d<\/strong><\/p>\n<p>F\u00f6r l\u00e4ngre h\u00e5llbarhet rekommenderar vi att v\u00e4dra kudden i den m\u00e5n det g\u00e5r. N\u00e4r den beh\u00f6ver tv\u00e4ttas b\u00f6r du f\u00f6lja tv\u00e4ttr\u00e5den nedan.<\/p>\n<p>Kudde: 40\u00b0 C handtv\u00e4tt<\/p>\n<p>\u00d6verdrag: 60\u00b0 C maskintv\u00e4tt, centrifugering max 600 varv<\/p>\n<\/div>\n","protected":false},"excerpt":{"rendered":"<p>Str\u00f6msund \u00e4r en Talalay-kudde som formar sig efter ditt huvud. Kudden ger ett bra st\u00f6d och avlastning f\u00f6r axlar och nacke under hela natten. Tack vare att den \u00e4r tillverkad i ren naturlatex, \u00e4r den 100% antibakteriell och helt kvalsterfri.<\/p>\n<p>F\u00f6r personer med smalare axlar, eller f\u00f6r dig som f\u00f6redrar att sova p\u00e5 rygg, rekommenderar vi den l\u00e4gre modellen av v\u00e5r Talalay-kudde.<\/p>\n<div class=\"sovmer-custom-wrapper-variation\">\n<ul class=\"sovmer-list-items\">\n<li><img decoding=\"async\" src=\"https:\/\/sovmer.se\/wp-content\/uploads\/2024\/11\/premium.svg\" alt=\"Allergi och milj\u00f6v\u00e4nlig\" \/>Allergi och milj\u00f6v\u00e4nlig<\/li>\n<li><img decoding=\"async\" src=\"https:\/\/sovmer.se\/wp-content\/uploads\/2024\/11\/avslappnande.svg\" alt=\"Tryckavlastande\" \/>Tryckavlastande<\/li>\n<li><img decoding=\"async\" src=\"https:\/\/sovmer.se\/wp-content\/uploads\/2024\/11\/temp.svg\" alt=\"Sval\" \/>Sval<\/li>\n<\/ul>\n<p>&nbsp;<\/p>\n<\/div>\n<div class=\"awdr-bulk-customizable-table\">\n<div class=\"awdr-bulk-customizable-table\"><\/div>\n<\/div>\n","protected":false},"author":2,"featured_media":3907,"template":"","meta":{"_uag_custom_page_level_css":"","site-sidebar-layout":"default","site-content-layout":"","ast-site-content-layout":"default","site-content-style":"default","site-sidebar-style":"default","ast-global-header-display":"","ast-banner-title-visibility":"","ast-main-header-display":"","ast-hfb-above-header-display":"","ast-hfb-below-header-display":"","ast-hfb-mobile-header-display":"","site-post-title":"","ast-breadcrumbs-content":"","ast-featured-img":"","footer-sml-layout":"","theme-transparent-header-meta":"","adv-header-id-meta":"","stick-header-meta":"","header-above-stick-meta":"","header-main-stick-meta":"","header-below-stick-meta":"","astra-migrate-meta-layouts":"default","ast-page-background-enabled":"default","ast-page-background-meta":{"desktop":{"background-color":"var(--ast-global-color-4)","background-image":"","background-repeat":"repeat","background-position":"center center","background-size":"auto","background-attachment":"scroll","background-type":"","background-media":"","overlay-type":"","overlay-color":"","overlay-opacity":"","overlay-gradient":""},"tablet":{"background-color":"","background-image":"","background-repeat":"repeat","background-position":"center center","background-size":"auto","background-attachment":"scroll","background-type":"","background-media":"","overlay-type":"","overlay-color":"","overlay-opacity":"","overlay-gradient":""},"mobile":{"background-color":"","background-image":"","background-repeat":"repeat","background-position":"center center","background-size":"auto","background-attachment":"scroll","background-type":"","background-media":"","overlay-type":"","overlay-color":"","overlay-opacity":"","overlay-gradient":""}},"ast-content-background-meta":{"desktop":{"background-color":"var(--ast-global-color-5)","background-image":"","background-repeat":"repeat","background-position":"center center","background-size":"auto","background-attachment":"scroll","background-type":"","background-media":"","overlay-type":"","overlay-color":"","overlay-opacity":"","overlay-gradient":""},"tablet":{"background-color":"var(--ast-global-color-5)","background-image":"","background-repeat":"repeat","background-position":"center center","background-size":"auto","background-attachment":"scroll","background-type":"","background-media":"","overlay-type":"","overlay-color":"","overlay-opacity":"","overlay-gradient":""},"mobile":{"background-color":"var(--ast-global-color-5)","background-image":"","background-repeat":"repeat","background-position":"center center","background-size":"auto","background-attachment":"scroll","background-type":"","background-media":"","overlay-type":"","overlay-color":"","overlay-opacity":"","overlay-gradient":""}}},"product_brand":[203],"product_cat":[196],"product_tag":[],"class_list":{"0":"post-3727","1":"product","2":"type-product","3":"status-publish","4":"has-post-thumbnail","6":"product_brand-sovmer","7":"product_cat-kuddar","8":"desktop-align-left","9":"tablet-align-left","10":"mobile-align-left","11":"ast-product-gallery-layout-horizontal-slider","12":"ast-product-gallery-with-no-image","13":"ast-product-tabs-layout-horizontal","15":"first","16":"instock","17":"shipping-taxable","18":"purchasable","19":"product-type-simple"},"featured_image_urls_v2":{"full":["https:\/\/demo.justvalue.se\/direkt\/wp-content\/uploads\/2025\/05\/Stromsund_White_Bag.jpg",1200,1200,false],"thumbnail":["https:\/\/demo.justvalue.se\/direkt\/wp-content\/uploads\/2025\/05\/Stromsund_White_Bag-150x150.jpg",150,150,true],"medium":["https:\/\/demo.justvalue.se\/direkt\/wp-content\/uploads\/2025\/05\/Stromsund_White_Bag-300x300.jpg",300,300,true],"medium_large":["https:\/\/demo.justvalue.se\/direkt\/wp-content\/uploads\/2025\/05\/Stromsund_White_Bag-768x768.jpg",768,768,true],"large":["https:\/\/demo.justvalue.se\/direkt\/wp-content\/uploads\/2025\/05\/Stromsund_White_Bag-1024x1024.jpg",1024,1024,true],"1536x1536":["https:\/\/demo.justvalue.se\/direkt\/wp-content\/uploads\/2025\/05\/Stromsund_White_Bag.jpg",1200,1200,false],"2048x2048":["https:\/\/demo.justvalue.se\/direkt\/wp-content\/uploads\/2025\/05\/Stromsund_White_Bag.jpg",1200,1200,false],"gform-image-choice-sm":["https:\/\/demo.justvalue.se\/direkt\/wp-content\/uploads\/2025\/05\/Stromsund_White_Bag.jpg",300,300,false],"gform-image-choice-md":["https:\/\/demo.justvalue.se\/direkt\/wp-content\/uploads\/2025\/05\/Stromsund_White_Bag.jpg",400,400,false],"gform-image-choice-lg":["https:\/\/demo.justvalue.se\/direkt\/wp-content\/uploads\/2025\/05\/Stromsund_White_Bag.jpg",600,600,false],"woocommerce_thumbnail":["https:\/\/demo.justvalue.se\/direkt\/wp-content\/uploads\/2025\/05\/Stromsund_White_Bag-300x300.jpg",300,300,true],"woocommerce_single":["https:\/\/demo.justvalue.se\/direkt\/wp-content\/uploads\/2025\/05\/Stromsund_White_Bag-500x500.jpg",500,500,true],"woocommerce_gallery_thumbnail":["https:\/\/demo.justvalue.se\/direkt\/wp-content\/uploads\/2025\/05\/Stromsund_White_Bag-100x100.jpg",100,100,true],"variation_swatches_image_size":["https:\/\/demo.justvalue.se\/direkt\/wp-content\/uploads\/2025\/05\/Stromsund_White_Bag-50x50.jpg",50,50,true],"variation_swatches_tooltip_size":["https:\/\/demo.justvalue.se\/direkt\/wp-content\/uploads\/2025\/05\/Stromsund_White_Bag-100x100.jpg",100,100,true]},"post_excerpt_stackable_v2":"<p>Str\u00f6msund \u00e4r en Talalay-kudde som formar sig efter ditt huvud. Kudden ger ett bra st\u00f6d och avlastning f\u00f6r axlar och nacke under hela natten. Tack vare att den \u00e4r tillverkad i ren naturlatex, \u00e4r den 100% antibakteriell och helt kvalsterfri.<\/p>\n<p>F\u00f6r personer med smalare axlar, eller f\u00f6r dig som f\u00f6redrar att sova p\u00e5 rygg, rekommenderar vi den l\u00e4gre modellen av v\u00e5r Talalay-kudde.<\/p>\n<div class=\"sovmer-custom-wrapper-variation\">\n<ul class=\"sovmer-list-items\">\n<li><img decoding=\"async\" src=\"https:\/\/sovmer.se\/wp-content\/uploads\/2024\/11\/premium.svg\" alt=\"Allergi och milj\u00f6v\u00e4nlig\" \/>Allergi och milj\u00f6v\u00e4nlig<\/li>\n<li><img decoding=\"async\" src=\"https:\/\/sovmer.se\/wp-content\/uploads\/2024\/11\/avslappnande.svg\" alt=\"Tryckavlastande\" \/>Tryckavlastande<\/li>\n<li><img decoding=\"async\" src=\"https:\/\/sovmer.se\/wp-content\/uploads\/2024\/11\/temp.svg\" alt=\"Sval\" \/>Sval<\/li>\n<\/ul>\n<p>&nbsp;<\/p>\n<\/div>\n<div class=\"awdr-bulk-customizable-table\">\n<div class=\"awdr-bulk-customizable-table\"><\/div>\n<\/div>\n","category_list_v2":"","author_info_v2":{"name":"dhia","url":"https:\/\/demo.justvalue.se\/direkt\/author\/dhia\/"},"comments_num_v2":"0 comments","yoast_head":"<!-- This site is optimized with the Yoast SEO Premium plugin v20.4 (Yoast SEO v25.7) - https:\/\/yoast.com\/wordpress\/plugins\/seo\/ -->\n<title>Str\u00f6msund Talalay-kudde (15 cm) -<\/title>\n<meta name=\"robots\" content=\"noindex, follow, max-snippet:-1, max-image-preview:large, max-video-preview:-1\" \/>\n<meta property=\"og:locale\" content=\"sv_SE\" \/>\n<meta property=\"og:type\" content=\"article\" \/>\n<meta property=\"og:title\" content=\"Str\u00f6msund Talalay-kudde (15 cm)\" \/>\n<meta property=\"og:description\" content=\"Str\u00f6msund \u00e4r en Talalay-kudde som formar sig efter ditt huvud. Kudden ger ett bra st\u00f6d och avlastning f\u00f6r axlar och nacke under hela natten. Tack vare att den \u00e4r tillverkad i ren naturlatex, \u00e4r den 100% antibakteriell och helt kvalsterfri.  F\u00f6r personer med smalare axlar, eller f\u00f6r dig som f\u00f6redrar att sova p\u00e5 rygg, rekommenderar vi den l\u00e4gre modellen av v\u00e5r Talalay-kudde.    Allergi och milj\u00f6v\u00e4nlig  Tryckavlastande  Sval  &nbsp;\" \/>\n<meta property=\"og:url\" content=\"https:\/\/demo.justvalue.se\/direkt\/produkt\/stromsund-talalay-kudde-15-cm\/\" \/>\n<meta property=\"article:modified_time\" content=\"2025-05-06T12:45:19+00:00\" \/>\n<meta name=\"twitter:card\" content=\"summary_large_image\" \/>\n<script type=\"application\/ld+json\" class=\"yoast-schema-graph\">{\"@context\":\"https:\/\/schema.org\",\"@graph\":[{\"@type\":\"WebPage\",\"@id\":\"https:\/\/demo.justvalue.se\/direkt\/produkt\/stromsund-talalay-kudde-15-cm\/\",\"url\":\"https:\/\/demo.justvalue.se\/direkt\/produkt\/stromsund-talalay-kudde-15-cm\/\",\"name\":\"Str\u00f6msund Talalay-kudde (15 cm) -\",\"isPartOf\":{\"@id\":\"https:\/\/demo.justvalue.se\/direkt\/#website\"},\"primaryImageOfPage\":{\"@id\":\"https:\/\/demo.justvalue.se\/direkt\/produkt\/stromsund-talalay-kudde-15-cm\/#primaryimage\"},\"image\":{\"@id\":\"https:\/\/demo.justvalue.se\/direkt\/produkt\/stromsund-talalay-kudde-15-cm\/#primaryimage\"},\"thumbnailUrl\":\"https:\/\/demo.justvalue.se\/direkt\/wp-content\/uploads\/2025\/05\/Stromsund_White_Bag.jpg\",\"datePublished\":\"2025-05-06T12:43:20+00:00\",\"dateModified\":\"2025-05-06T12:45:19+00:00\",\"breadcrumb\":{\"@id\":\"https:\/\/demo.justvalue.se\/direkt\/produkt\/stromsund-talalay-kudde-15-cm\/#breadcrumb\"},\"inLanguage\":\"sv-SE\",\"potentialAction\":[{\"@type\":\"ReadAction\",\"target\":[\"https:\/\/demo.justvalue.se\/direkt\/produkt\/stromsund-talalay-kudde-15-cm\/\"]}]},{\"@type\":\"ImageObject\",\"inLanguage\":\"sv-SE\",\"@id\":\"https:\/\/demo.justvalue.se\/direkt\/produkt\/stromsund-talalay-kudde-15-cm\/#primaryimage\",\"url\":\"https:\/\/demo.justvalue.se\/direkt\/wp-content\/uploads\/2025\/05\/Stromsund_White_Bag.jpg\",\"contentUrl\":\"https:\/\/demo.justvalue.se\/direkt\/wp-content\/uploads\/2025\/05\/Stromsund_White_Bag.jpg\",\"width\":1200,\"height\":1200},{\"@type\":\"BreadcrumbList\",\"@id\":\"https:\/\/demo.justvalue.se\/direkt\/produkt\/stromsund-talalay-kudde-15-cm\/#breadcrumb\",\"itemListElement\":[{\"@type\":\"ListItem\",\"position\":1,\"name\":\"Home\",\"item\":\"https:\/\/demo.justvalue.se\/direkt\/\"},{\"@type\":\"ListItem\",\"position\":2,\"name\":\"Alla Produkter\",\"item\":\"https:\/\/demo.justvalue.se\/direkt\/alla-produkter\/\"},{\"@type\":\"ListItem\",\"position\":3,\"name\":\"Str\u00f6msund Talalay-kudde (15 cm)\"}]},{\"@type\":\"WebSite\",\"@id\":\"https:\/\/demo.justvalue.se\/direkt\/#website\",\"url\":\"https:\/\/demo.justvalue.se\/direkt\/\",\"name\":\"\",\"description\":\"K\u00f6padirekt\",\"potentialAction\":[{\"@type\":\"SearchAction\",\"target\":{\"@type\":\"EntryPoint\",\"urlTemplate\":\"https:\/\/demo.justvalue.se\/direkt\/?s={search_term_string}\"},\"query-input\":{\"@type\":\"PropertyValueSpecification\",\"valueRequired\":true,\"valueName\":\"search_term_string\"}}],\"inLanguage\":\"sv-SE\"}]}<\/script>\n<!-- \/ Yoast SEO Premium plugin. -->","yoast_head_json":{"title":"Str\u00f6msund Talalay-kudde (15 cm) -","robots":{"index":"noindex","follow":"follow","max-snippet":"max-snippet:-1","max-image-preview":"max-image-preview:large","max-video-preview":"max-video-preview:-1"},"og_locale":"sv_SE","og_type":"article","og_title":"Str\u00f6msund Talalay-kudde (15 cm)","og_description":"Str\u00f6msund \u00e4r en Talalay-kudde som formar sig efter ditt huvud. Kudden ger ett bra st\u00f6d och avlastning f\u00f6r axlar och nacke under hela natten. Tack vare att den \u00e4r tillverkad i ren naturlatex, \u00e4r den 100% antibakteriell och helt kvalsterfri.  F\u00f6r personer med smalare axlar, eller f\u00f6r dig som f\u00f6redrar att sova p\u00e5 rygg, rekommenderar vi den l\u00e4gre modellen av v\u00e5r Talalay-kudde.    Allergi och milj\u00f6v\u00e4nlig  Tryckavlastande  Sval  &nbsp;","og_url":"https:\/\/demo.justvalue.se\/direkt\/produkt\/stromsund-talalay-kudde-15-cm\/","article_modified_time":"2025-05-06T12:45:19+00:00","twitter_card":"summary_large_image","schema":{"@context":"https:\/\/schema.org","@graph":[{"@type":"WebPage","@id":"https:\/\/demo.justvalue.se\/direkt\/produkt\/stromsund-talalay-kudde-15-cm\/","url":"https:\/\/demo.justvalue.se\/direkt\/produkt\/stromsund-talalay-kudde-15-cm\/","name":"Str\u00f6msund Talalay-kudde (15 cm) -","isPartOf":{"@id":"https:\/\/demo.justvalue.se\/direkt\/#website"},"primaryImageOfPage":{"@id":"https:\/\/demo.justvalue.se\/direkt\/produkt\/stromsund-talalay-kudde-15-cm\/#primaryimage"},"image":{"@id":"https:\/\/demo.justvalue.se\/direkt\/produkt\/stromsund-talalay-kudde-15-cm\/#primaryimage"},"thumbnailUrl":"https:\/\/demo.justvalue.se\/direkt\/wp-content\/uploads\/2025\/05\/Stromsund_White_Bag.jpg","datePublished":"2025-05-06T12:43:20+00:00","dateModified":"2025-05-06T12:45:19+00:00","breadcrumb":{"@id":"https:\/\/demo.justvalue.se\/direkt\/produkt\/stromsund-talalay-kudde-15-cm\/#breadcrumb"},"inLanguage":"sv-SE","potentialAction":[{"@type":"ReadAction","target":["https:\/\/demo.justvalue.se\/direkt\/produkt\/stromsund-talalay-kudde-15-cm\/"]}]},{"@type":"ImageObject","inLanguage":"sv-SE","@id":"https:\/\/demo.justvalue.se\/direkt\/produkt\/stromsund-talalay-kudde-15-cm\/#primaryimage","url":"https:\/\/demo.justvalue.se\/direkt\/wp-content\/uploads\/2025\/05\/Stromsund_White_Bag.jpg","contentUrl":"https:\/\/demo.justvalue.se\/direkt\/wp-content\/uploads\/2025\/05\/Stromsund_White_Bag.jpg","width":1200,"height":1200},{"@type":"BreadcrumbList","@id":"https:\/\/demo.justvalue.se\/direkt\/produkt\/stromsund-talalay-kudde-15-cm\/#breadcrumb","itemListElement":[{"@type":"ListItem","position":1,"name":"Home","item":"https:\/\/demo.justvalue.se\/direkt\/"},{"@type":"ListItem","position":2,"name":"Alla Produkter","item":"https:\/\/demo.justvalue.se\/direkt\/alla-produkter\/"},{"@type":"ListItem","position":3,"name":"Str\u00f6msund Talalay-kudde (15 cm)"}]},{"@type":"WebSite","@id":"https:\/\/demo.justvalue.se\/direkt\/#website","url":"https:\/\/demo.justvalue.se\/direkt\/","name":"","description":"K\u00f6padirekt","potentialAction":[{"@type":"SearchAction","target":{"@type":"EntryPoint","urlTemplate":"https:\/\/demo.justvalue.se\/direkt\/?s={search_term_string}"},"query-input":{"@type":"PropertyValueSpecification","valueRequired":true,"valueName":"search_term_string"}}],"inLanguage":"sv-SE"}]}},"uagb_featured_image_src":{"full":["https:\/\/demo.justvalue.se\/direkt\/wp-content\/uploads\/2025\/05\/Stromsund_White_Bag.jpg",1200,1200,false],"thumbnail":["https:\/\/demo.justvalue.se\/direkt\/wp-content\/uploads\/2025\/05\/Stromsund_White_Bag-150x150.jpg",150,150,true],"medium":["https:\/\/demo.justvalue.se\/direkt\/wp-content\/uploads\/2025\/05\/Stromsund_White_Bag-300x300.jpg",300,300,true],"medium_large":["https:\/\/demo.justvalue.se\/direkt\/wp-content\/uploads\/2025\/05\/Stromsund_White_Bag-768x768.jpg",768,768,true],"large":["https:\/\/demo.justvalue.se\/direkt\/wp-content\/uploads\/2025\/05\/Stromsund_White_Bag-1024x1024.jpg",1024,1024,true],"1536x1536":["https:\/\/demo.justvalue.se\/direkt\/wp-content\/uploads\/2025\/05\/Stromsund_White_Bag.jpg",1200,1200,false],"2048x2048":["https:\/\/demo.justvalue.se\/direkt\/wp-content\/uploads\/2025\/05\/Stromsund_White_Bag.jpg",1200,1200,false],"gform-image-choice-sm":["https:\/\/demo.justvalue.se\/direkt\/wp-content\/uploads\/2025\/05\/Stromsund_White_Bag.jpg",300,300,false],"gform-image-choice-md":["https:\/\/demo.justvalue.se\/direkt\/wp-content\/uploads\/2025\/05\/Stromsund_White_Bag.jpg",400,400,false],"gform-image-choice-lg":["https:\/\/demo.justvalue.se\/direkt\/wp-content\/uploads\/2025\/05\/Stromsund_White_Bag.jpg",600,600,false],"woocommerce_thumbnail":["https:\/\/demo.justvalue.se\/direkt\/wp-content\/uploads\/2025\/05\/Stromsund_White_Bag-300x300.jpg",300,300,true],"woocommerce_single":["https:\/\/demo.justvalue.se\/direkt\/wp-content\/uploads\/2025\/05\/Stromsund_White_Bag-500x500.jpg",500,500,true],"woocommerce_gallery_thumbnail":["https:\/\/demo.justvalue.se\/direkt\/wp-content\/uploads\/2025\/05\/Stromsund_White_Bag-100x100.jpg",100,100,true],"variation_swatches_image_size":["https:\/\/demo.justvalue.se\/direkt\/wp-content\/uploads\/2025\/05\/Stromsund_White_Bag-50x50.jpg",50,50,true],"variation_swatches_tooltip_size":["https:\/\/demo.justvalue.se\/direkt\/wp-content\/uploads\/2025\/05\/Stromsund_White_Bag-100x100.jpg",100,100,true]},"uagb_author_info":{"display_name":"dhia","author_link":"https:\/\/demo.justvalue.se\/direkt\/author\/dhia\/"},"uagb_comment_info":0,"uagb_excerpt":"Str\u00f6msund \u00e4r en Talalay-kudde som formar sig efter ditt huvud. Kudden ger ett bra st\u00f6d och avlastning f\u00f6r axlar och nacke under hela natten. Tack vare att den \u00e4r tillverkad i ren naturlatex, \u00e4r den 100% antibakteriell och helt kvalsterfri. F\u00f6r personer med smalare axlar, eller f\u00f6r dig som f\u00f6redrar att sova p\u00e5 rygg, rekommenderar&hellip;","_links":{"self":[{"href":"https:\/\/demo.justvalue.se\/direkt\/wp-json\/wp\/v2\/product\/3727","targetHints":{"allow":["GET"]}}],"collection":[{"href":"https:\/\/demo.justvalue.se\/direkt\/wp-json\/wp\/v2\/product"}],"about":[{"href":"https:\/\/demo.justvalue.se\/direkt\/wp-json\/wp\/v2\/types\/product"}],"author":[{"embeddable":true,"href":"https:\/\/demo.justvalue.se\/direkt\/wp-json\/wp\/v2\/users\/2"}],"wp:featuredmedia":[{"embeddable":true,"href":"https:\/\/demo.justvalue.se\/direkt\/wp-json\/wp\/v2\/media\/3907"}],"wp:attachment":[{"href":"https:\/\/demo.justvalue.se\/direkt\/wp-json\/wp\/v2\/media?parent=3727"}],"wp:term":[{"taxonomy":"product_brand","embeddable":true,"href":"https:\/\/demo.justvalue.se\/direkt\/wp-json\/wp\/v2\/product_brand?post=3727"},{"taxonomy":"product_cat","embeddable":true,"href":"https:\/\/demo.justvalue.se\/direkt\/wp-json\/wp\/v2\/product_cat?post=3727"},{"taxonomy":"product_tag","embeddable":true,"href":"https:\/\/demo.justvalue.se\/direkt\/wp-json\/wp\/v2\/product_tag?post=3727"}],"curies":[{"name":"wp","href":"https:\/\/api.w.org\/{rel}","templated":true}]}}