{"id":3761,"date":"2025-05-06T12:43:45","date_gmt":"2025-05-06T12:43:45","guid":{"rendered":"https:\/\/demo.justvalue.se\/direkt\/?post_type=product&#038;p=3761"},"modified":"2025-05-06T12:45:20","modified_gmt":"2025-05-06T12:45:20","slug":"stromsund-orngott-70x50-cm-2-pack","status":"publish","type":"product","link":"https:\/\/demo.justvalue.se\/direkt\/produkt\/stromsund-orngott-70x50-cm-2-pack\/","title":{"rendered":"Str\u00f6msund \u00d6rngott, 70&#215;50 cm (2-pack)"},"content":{"rendered":"<div class=\"sovmer-additional-wrapper\">\n<h3>Produktinformation<\/h3>\n<table class=\"woocommerce-product-attributes shop_attributes\" aria-label=\"Produktdetaljer\">\n<tbody>\n<tr class=\"woocommerce-product-attributes-item woocommerce-product-attributes-item--weight\">\n<th class=\"woocommerce-product-attributes-item__label\" scope=\"row\">Vikt<\/th>\n<td class=\"woocommerce-product-attributes-item__value\" data-o_content=\"0,5 kg\">0,5 kg<\/td>\n<\/tr>\n<tr class=\"woocommerce-product-attributes-item woocommerce-product-attributes-item--attribute_m%c3%a5tt\">\n<th class=\"woocommerce-product-attributes-item__label\" scope=\"row\">M\u00e5tt<\/th>\n<td class=\"woocommerce-product-attributes-item__value\">70\u00d750 cm<\/td>\n<\/tr>\n<tr class=\"woocommerce-product-attributes-item woocommerce-product-attributes-item--attribute_material\">\n<th class=\"woocommerce-product-attributes-item__label\" scope=\"row\">Material<\/th>\n<td class=\"woocommerce-product-attributes-item__value\">100% bomull<\/td>\n<\/tr>\n<tr class=\"woocommerce-product-attributes-item woocommerce-product-attributes-item--attribute_f%c3%b6rpackning\">\n<th class=\"woocommerce-product-attributes-item__label\" scope=\"row\">F\u00f6rpackning<\/th>\n<td class=\"woocommerce-product-attributes-item__value\">2-pack<\/td>\n<\/tr>\n<\/tbody>\n<\/table>\n<\/div>\n","protected":false},"excerpt":{"rendered":"<p>Vita \u00f6rngott i 2-pack, tillverkade av 100% bomull i premiumkvalitet. Passar v\u00e5r\u00a0<a href=\"https:\/\/sovmer.se\/produkt\/stromsund-kudde\/\">Str\u00f6msund Talalay-kudde<\/a>. \u00d6rngottet ger en mjuk och behaglig k\u00e4nsla mot huden och kompletterar kudden f\u00f6r en optimal s\u00f6mnupplevelse.<\/p>\n<p>&nbsp;<\/p>\n<ul class=\"sovmer-list-items\">\n<li><img decoding=\"async\" src=\"https:\/\/sovmer.se\/wp-content\/uploads\/2024\/11\/moln_liten-1.svg\" alt=\"100% bomull\" \/>100% bomull<\/li>\n<li><img decoding=\"async\" src=\"https:\/\/sovmer.se\/wp-content\/uploads\/2024\/11\/premium.svg\" alt=\"Premiumkvalitet\" \/>Premiumkvalitet<\/li>\n<li><img decoding=\"async\" src=\"https:\/\/sovmer.se\/wp-content\/uploads\/2024\/11\/2_pack.svg\" alt=\"2-pack\" \/>2-pack<\/li>\n<\/ul>\n","protected":false},"author":2,"featured_media":3908,"template":"","meta":{"_uag_custom_page_level_css":"","site-sidebar-layout":"default","site-content-layout":"","ast-site-content-layout":"default","site-content-style":"default","site-sidebar-style":"default","ast-global-header-display":"","ast-banner-title-visibility":"","ast-main-header-display":"","ast-hfb-above-header-display":"","ast-hfb-below-header-display":"","ast-hfb-mobile-header-display":"","site-post-title":"","ast-breadcrumbs-content":"","ast-featured-img":"","footer-sml-layout":"","theme-transparent-header-meta":"","adv-header-id-meta":"","stick-header-meta":"","header-above-stick-meta":"","header-main-stick-meta":"","header-below-stick-meta":"","astra-migrate-meta-layouts":"default","ast-page-background-enabled":"default","ast-page-background-meta":{"desktop":{"background-color":"var(--ast-global-color-4)","background-image":"","background-repeat":"repeat","background-position":"center center","background-size":"auto","background-attachment":"scroll","background-type":"","background-media":"","overlay-type":"","overlay-color":"","overlay-opacity":"","overlay-gradient":""},"tablet":{"background-color":"","background-image":"","background-repeat":"repeat","background-position":"center center","background-size":"auto","background-attachment":"scroll","background-type":"","background-media":"","overlay-type":"","overlay-color":"","overlay-opacity":"","overlay-gradient":""},"mobile":{"background-color":"","background-image":"","background-repeat":"repeat","background-position":"center center","background-size":"auto","background-attachment":"scroll","background-type":"","background-media":"","overlay-type":"","overlay-color":"","overlay-opacity":"","overlay-gradient":""}},"ast-content-background-meta":{"desktop":{"background-color":"var(--ast-global-color-5)","background-image":"","background-repeat":"repeat","background-position":"center center","background-size":"auto","background-attachment":"scroll","background-type":"","background-media":"","overlay-type":"","overlay-color":"","overlay-opacity":"","overlay-gradient":""},"tablet":{"background-color":"var(--ast-global-color-5)","background-image":"","background-repeat":"repeat","background-position":"center center","background-size":"auto","background-attachment":"scroll","background-type":"","background-media":"","overlay-type":"","overlay-color":"","overlay-opacity":"","overlay-gradient":""},"mobile":{"background-color":"var(--ast-global-color-5)","background-image":"","background-repeat":"repeat","background-position":"center center","background-size":"auto","background-attachment":"scroll","background-type":"","background-media":"","overlay-type":"","overlay-color":"","overlay-opacity":"","overlay-gradient":""}}},"product_brand":[203],"product_cat":[201],"product_tag":[],"class_list":{"0":"post-3761","1":"product","2":"type-product","3":"status-publish","4":"has-post-thumbnail","6":"product_brand-sovmer","7":"product_cat-sovtillbehor","8":"desktop-align-left","9":"tablet-align-left","10":"mobile-align-left","11":"ast-product-gallery-layout-horizontal-slider","12":"ast-product-gallery-with-no-image","13":"ast-product-tabs-layout-horizontal","15":"first","16":"instock","17":"shipping-taxable","18":"purchasable","19":"product-type-simple"},"featured_image_urls_v2":{"full":["https:\/\/demo.justvalue.se\/direkt\/wp-content\/uploads\/2025\/05\/orngott.jpg",543,543,false],"thumbnail":["https:\/\/demo.justvalue.se\/direkt\/wp-content\/uploads\/2025\/05\/orngott-150x150.jpg",150,150,true],"medium":["https:\/\/demo.justvalue.se\/direkt\/wp-content\/uploads\/2025\/05\/orngott-300x300.jpg",300,300,true],"medium_large":["https:\/\/demo.justvalue.se\/direkt\/wp-content\/uploads\/2025\/05\/orngott.jpg",543,543,false],"large":["https:\/\/demo.justvalue.se\/direkt\/wp-content\/uploads\/2025\/05\/orngott.jpg",543,543,false],"1536x1536":["https:\/\/demo.justvalue.se\/direkt\/wp-content\/uploads\/2025\/05\/orngott.jpg",543,543,false],"2048x2048":["https:\/\/demo.justvalue.se\/direkt\/wp-content\/uploads\/2025\/05\/orngott.jpg",543,543,false],"gform-image-choice-sm":["https:\/\/demo.justvalue.se\/direkt\/wp-content\/uploads\/2025\/05\/orngott.jpg",300,300,false],"gform-image-choice-md":["https:\/\/demo.justvalue.se\/direkt\/wp-content\/uploads\/2025\/05\/orngott.jpg",400,400,false],"gform-image-choice-lg":["https:\/\/demo.justvalue.se\/direkt\/wp-content\/uploads\/2025\/05\/orngott.jpg",543,543,false],"woocommerce_thumbnail":["https:\/\/demo.justvalue.se\/direkt\/wp-content\/uploads\/2025\/05\/orngott-300x300.jpg",300,300,true],"woocommerce_single":["https:\/\/demo.justvalue.se\/direkt\/wp-content\/uploads\/2025\/05\/orngott-500x500.jpg",500,500,true],"woocommerce_gallery_thumbnail":["https:\/\/demo.justvalue.se\/direkt\/wp-content\/uploads\/2025\/05\/orngott-100x100.jpg",100,100,true],"variation_swatches_image_size":["https:\/\/demo.justvalue.se\/direkt\/wp-content\/uploads\/2025\/05\/orngott-50x50.jpg",50,50,true],"variation_swatches_tooltip_size":["https:\/\/demo.justvalue.se\/direkt\/wp-content\/uploads\/2025\/05\/orngott-100x100.jpg",100,100,true]},"post_excerpt_stackable_v2":"<p>Vita \u00f6rngott i 2-pack, tillverkade av 100% bomull i premiumkvalitet. Passar v\u00e5r\u00a0<a href=\"https:\/\/sovmer.se\/produkt\/stromsund-kudde\/\">Str\u00f6msund Talalay-kudde<\/a>. \u00d6rngottet ger en mjuk och behaglig k\u00e4nsla mot huden och kompletterar kudden f\u00f6r en optimal s\u00f6mnupplevelse.<\/p>\n<p>&nbsp;<\/p>\n<ul class=\"sovmer-list-items\">\n<li><img decoding=\"async\" src=\"https:\/\/sovmer.se\/wp-content\/uploads\/2024\/11\/moln_liten-1.svg\" alt=\"100% bomull\" \/>100% bomull<\/li>\n<li><img decoding=\"async\" src=\"https:\/\/sovmer.se\/wp-content\/uploads\/2024\/11\/premium.svg\" alt=\"Premiumkvalitet\" \/>Premiumkvalitet<\/li>\n<li><img decoding=\"async\" src=\"https:\/\/sovmer.se\/wp-content\/uploads\/2024\/11\/2_pack.svg\" alt=\"2-pack\" \/>2-pack<\/li>\n<\/ul>\n","category_list_v2":"","author_info_v2":{"name":"dhia","url":"https:\/\/demo.justvalue.se\/direkt\/author\/dhia\/"},"comments_num_v2":"0 comments","yoast_head":"<!-- This site is optimized with the Yoast SEO Premium plugin v20.4 (Yoast SEO v25.7) - https:\/\/yoast.com\/wordpress\/plugins\/seo\/ -->\n<title>Str\u00f6msund \u00d6rngott, 70x50 cm (2-pack) -<\/title>\n<meta name=\"robots\" content=\"noindex, follow, max-snippet:-1, max-image-preview:large, max-video-preview:-1\" \/>\n<meta property=\"og:locale\" content=\"sv_SE\" \/>\n<meta property=\"og:type\" content=\"article\" \/>\n<meta property=\"og:title\" content=\"Str\u00f6msund \u00d6rngott, 70x50 cm (2-pack)\" \/>\n<meta property=\"og:description\" content=\"Vita \u00f6rngott i 2-pack, tillverkade av 100% bomull i premiumkvalitet. Passar v\u00e5r\u00a0Str\u00f6msund Talalay-kudde. \u00d6rngottet ger en mjuk och behaglig k\u00e4nsla mot huden och kompletterar kudden f\u00f6r en optimal s\u00f6mnupplevelse.  &nbsp;   100% bomull  Premiumkvalitet  2-pack\" \/>\n<meta property=\"og:url\" content=\"https:\/\/demo.justvalue.se\/direkt\/produkt\/stromsund-orngott-70x50-cm-2-pack\/\" \/>\n<meta property=\"article:modified_time\" content=\"2025-05-06T12:45:20+00:00\" \/>\n<meta name=\"twitter:card\" content=\"summary_large_image\" \/>\n<script type=\"application\/ld+json\" class=\"yoast-schema-graph\">{\"@context\":\"https:\/\/schema.org\",\"@graph\":[{\"@type\":\"WebPage\",\"@id\":\"https:\/\/demo.justvalue.se\/direkt\/produkt\/stromsund-orngott-70x50-cm-2-pack\/\",\"url\":\"https:\/\/demo.justvalue.se\/direkt\/produkt\/stromsund-orngott-70x50-cm-2-pack\/\",\"name\":\"Str\u00f6msund \u00d6rngott, 70x50 cm (2-pack) -\",\"isPartOf\":{\"@id\":\"https:\/\/demo.justvalue.se\/direkt\/#website\"},\"primaryImageOfPage\":{\"@id\":\"https:\/\/demo.justvalue.se\/direkt\/produkt\/stromsund-orngott-70x50-cm-2-pack\/#primaryimage\"},\"image\":{\"@id\":\"https:\/\/demo.justvalue.se\/direkt\/produkt\/stromsund-orngott-70x50-cm-2-pack\/#primaryimage\"},\"thumbnailUrl\":\"https:\/\/demo.justvalue.se\/direkt\/wp-content\/uploads\/2025\/05\/orngott.jpg\",\"datePublished\":\"2025-05-06T12:43:45+00:00\",\"dateModified\":\"2025-05-06T12:45:20+00:00\",\"breadcrumb\":{\"@id\":\"https:\/\/demo.justvalue.se\/direkt\/produkt\/stromsund-orngott-70x50-cm-2-pack\/#breadcrumb\"},\"inLanguage\":\"sv-SE\",\"potentialAction\":[{\"@type\":\"ReadAction\",\"target\":[\"https:\/\/demo.justvalue.se\/direkt\/produkt\/stromsund-orngott-70x50-cm-2-pack\/\"]}]},{\"@type\":\"ImageObject\",\"inLanguage\":\"sv-SE\",\"@id\":\"https:\/\/demo.justvalue.se\/direkt\/produkt\/stromsund-orngott-70x50-cm-2-pack\/#primaryimage\",\"url\":\"https:\/\/demo.justvalue.se\/direkt\/wp-content\/uploads\/2025\/05\/orngott.jpg\",\"contentUrl\":\"https:\/\/demo.justvalue.se\/direkt\/wp-content\/uploads\/2025\/05\/orngott.jpg\",\"width\":543,\"height\":543},{\"@type\":\"BreadcrumbList\",\"@id\":\"https:\/\/demo.justvalue.se\/direkt\/produkt\/stromsund-orngott-70x50-cm-2-pack\/#breadcrumb\",\"itemListElement\":[{\"@type\":\"ListItem\",\"position\":1,\"name\":\"Home\",\"item\":\"https:\/\/demo.justvalue.se\/direkt\/\"},{\"@type\":\"ListItem\",\"position\":2,\"name\":\"Alla Produkter\",\"item\":\"https:\/\/demo.justvalue.se\/direkt\/alla-produkter\/\"},{\"@type\":\"ListItem\",\"position\":3,\"name\":\"Str\u00f6msund \u00d6rngott, 70&#215;50 cm (2-pack)\"}]},{\"@type\":\"WebSite\",\"@id\":\"https:\/\/demo.justvalue.se\/direkt\/#website\",\"url\":\"https:\/\/demo.justvalue.se\/direkt\/\",\"name\":\"\",\"description\":\"K\u00f6padirekt\",\"potentialAction\":[{\"@type\":\"SearchAction\",\"target\":{\"@type\":\"EntryPoint\",\"urlTemplate\":\"https:\/\/demo.justvalue.se\/direkt\/?s={search_term_string}\"},\"query-input\":{\"@type\":\"PropertyValueSpecification\",\"valueRequired\":true,\"valueName\":\"search_term_string\"}}],\"inLanguage\":\"sv-SE\"}]}<\/script>\n<!-- \/ Yoast SEO Premium plugin. -->","yoast_head_json":{"title":"Str\u00f6msund \u00d6rngott, 70x50 cm (2-pack) -","robots":{"index":"noindex","follow":"follow","max-snippet":"max-snippet:-1","max-image-preview":"max-image-preview:large","max-video-preview":"max-video-preview:-1"},"og_locale":"sv_SE","og_type":"article","og_title":"Str\u00f6msund \u00d6rngott, 70x50 cm (2-pack)","og_description":"Vita \u00f6rngott i 2-pack, tillverkade av 100% bomull i premiumkvalitet. Passar v\u00e5r\u00a0Str\u00f6msund Talalay-kudde. \u00d6rngottet ger en mjuk och behaglig k\u00e4nsla mot huden och kompletterar kudden f\u00f6r en optimal s\u00f6mnupplevelse.  &nbsp;   100% bomull  Premiumkvalitet  2-pack","og_url":"https:\/\/demo.justvalue.se\/direkt\/produkt\/stromsund-orngott-70x50-cm-2-pack\/","article_modified_time":"2025-05-06T12:45:20+00:00","twitter_card":"summary_large_image","schema":{"@context":"https:\/\/schema.org","@graph":[{"@type":"WebPage","@id":"https:\/\/demo.justvalue.se\/direkt\/produkt\/stromsund-orngott-70x50-cm-2-pack\/","url":"https:\/\/demo.justvalue.se\/direkt\/produkt\/stromsund-orngott-70x50-cm-2-pack\/","name":"Str\u00f6msund \u00d6rngott, 70x50 cm (2-pack) -","isPartOf":{"@id":"https:\/\/demo.justvalue.se\/direkt\/#website"},"primaryImageOfPage":{"@id":"https:\/\/demo.justvalue.se\/direkt\/produkt\/stromsund-orngott-70x50-cm-2-pack\/#primaryimage"},"image":{"@id":"https:\/\/demo.justvalue.se\/direkt\/produkt\/stromsund-orngott-70x50-cm-2-pack\/#primaryimage"},"thumbnailUrl":"https:\/\/demo.justvalue.se\/direkt\/wp-content\/uploads\/2025\/05\/orngott.jpg","datePublished":"2025-05-06T12:43:45+00:00","dateModified":"2025-05-06T12:45:20+00:00","breadcrumb":{"@id":"https:\/\/demo.justvalue.se\/direkt\/produkt\/stromsund-orngott-70x50-cm-2-pack\/#breadcrumb"},"inLanguage":"sv-SE","potentialAction":[{"@type":"ReadAction","target":["https:\/\/demo.justvalue.se\/direkt\/produkt\/stromsund-orngott-70x50-cm-2-pack\/"]}]},{"@type":"ImageObject","inLanguage":"sv-SE","@id":"https:\/\/demo.justvalue.se\/direkt\/produkt\/stromsund-orngott-70x50-cm-2-pack\/#primaryimage","url":"https:\/\/demo.justvalue.se\/direkt\/wp-content\/uploads\/2025\/05\/orngott.jpg","contentUrl":"https:\/\/demo.justvalue.se\/direkt\/wp-content\/uploads\/2025\/05\/orngott.jpg","width":543,"height":543},{"@type":"BreadcrumbList","@id":"https:\/\/demo.justvalue.se\/direkt\/produkt\/stromsund-orngott-70x50-cm-2-pack\/#breadcrumb","itemListElement":[{"@type":"ListItem","position":1,"name":"Home","item":"https:\/\/demo.justvalue.se\/direkt\/"},{"@type":"ListItem","position":2,"name":"Alla Produkter","item":"https:\/\/demo.justvalue.se\/direkt\/alla-produkter\/"},{"@type":"ListItem","position":3,"name":"Str\u00f6msund \u00d6rngott, 70&#215;50 cm (2-pack)"}]},{"@type":"WebSite","@id":"https:\/\/demo.justvalue.se\/direkt\/#website","url":"https:\/\/demo.justvalue.se\/direkt\/","name":"","description":"K\u00f6padirekt","potentialAction":[{"@type":"SearchAction","target":{"@type":"EntryPoint","urlTemplate":"https:\/\/demo.justvalue.se\/direkt\/?s={search_term_string}"},"query-input":{"@type":"PropertyValueSpecification","valueRequired":true,"valueName":"search_term_string"}}],"inLanguage":"sv-SE"}]}},"uagb_featured_image_src":{"full":["https:\/\/demo.justvalue.se\/direkt\/wp-content\/uploads\/2025\/05\/orngott.jpg",543,543,false],"thumbnail":["https:\/\/demo.justvalue.se\/direkt\/wp-content\/uploads\/2025\/05\/orngott-150x150.jpg",150,150,true],"medium":["https:\/\/demo.justvalue.se\/direkt\/wp-content\/uploads\/2025\/05\/orngott-300x300.jpg",300,300,true],"medium_large":["https:\/\/demo.justvalue.se\/direkt\/wp-content\/uploads\/2025\/05\/orngott.jpg",543,543,false],"large":["https:\/\/demo.justvalue.se\/direkt\/wp-content\/uploads\/2025\/05\/orngott.jpg",543,543,false],"1536x1536":["https:\/\/demo.justvalue.se\/direkt\/wp-content\/uploads\/2025\/05\/orngott.jpg",543,543,false],"2048x2048":["https:\/\/demo.justvalue.se\/direkt\/wp-content\/uploads\/2025\/05\/orngott.jpg",543,543,false],"gform-image-choice-sm":["https:\/\/demo.justvalue.se\/direkt\/wp-content\/uploads\/2025\/05\/orngott.jpg",300,300,false],"gform-image-choice-md":["https:\/\/demo.justvalue.se\/direkt\/wp-content\/uploads\/2025\/05\/orngott.jpg",400,400,false],"gform-image-choice-lg":["https:\/\/demo.justvalue.se\/direkt\/wp-content\/uploads\/2025\/05\/orngott.jpg",543,543,false],"woocommerce_thumbnail":["https:\/\/demo.justvalue.se\/direkt\/wp-content\/uploads\/2025\/05\/orngott-300x300.jpg",300,300,true],"woocommerce_single":["https:\/\/demo.justvalue.se\/direkt\/wp-content\/uploads\/2025\/05\/orngott-500x500.jpg",500,500,true],"woocommerce_gallery_thumbnail":["https:\/\/demo.justvalue.se\/direkt\/wp-content\/uploads\/2025\/05\/orngott-100x100.jpg",100,100,true],"variation_swatches_image_size":["https:\/\/demo.justvalue.se\/direkt\/wp-content\/uploads\/2025\/05\/orngott-50x50.jpg",50,50,true],"variation_swatches_tooltip_size":["https:\/\/demo.justvalue.se\/direkt\/wp-content\/uploads\/2025\/05\/orngott-100x100.jpg",100,100,true]},"uagb_author_info":{"display_name":"dhia","author_link":"https:\/\/demo.justvalue.se\/direkt\/author\/dhia\/"},"uagb_comment_info":0,"uagb_excerpt":"Vita \u00f6rngott i 2-pack, tillverkade av 100% bomull i premiumkvalitet. Passar v\u00e5r\u00a0Str\u00f6msund Talalay-kudde. \u00d6rngottet ger en mjuk och behaglig k\u00e4nsla mot huden och kompletterar kudden f\u00f6r en optimal s\u00f6mnupplevelse. &nbsp; 100% bomull Premiumkvalitet 2-pack","_links":{"self":[{"href":"https:\/\/demo.justvalue.se\/direkt\/wp-json\/wp\/v2\/product\/3761","targetHints":{"allow":["GET"]}}],"collection":[{"href":"https:\/\/demo.justvalue.se\/direkt\/wp-json\/wp\/v2\/product"}],"about":[{"href":"https:\/\/demo.justvalue.se\/direkt\/wp-json\/wp\/v2\/types\/product"}],"author":[{"embeddable":true,"href":"https:\/\/demo.justvalue.se\/direkt\/wp-json\/wp\/v2\/users\/2"}],"wp:featuredmedia":[{"embeddable":true,"href":"https:\/\/demo.justvalue.se\/direkt\/wp-json\/wp\/v2\/media\/3908"}],"wp:attachment":[{"href":"https:\/\/demo.justvalue.se\/direkt\/wp-json\/wp\/v2\/media?parent=3761"}],"wp:term":[{"taxonomy":"product_brand","embeddable":true,"href":"https:\/\/demo.justvalue.se\/direkt\/wp-json\/wp\/v2\/product_brand?post=3761"},{"taxonomy":"product_cat","embeddable":true,"href":"https:\/\/demo.justvalue.se\/direkt\/wp-json\/wp\/v2\/product_cat?post=3761"},{"taxonomy":"product_tag","embeddable":true,"href":"https:\/\/demo.justvalue.se\/direkt\/wp-json\/wp\/v2\/product_tag?post=3761"}],"curies":[{"name":"wp","href":"https:\/\/api.w.org\/{rel}","templated":true}]}}