{"id":367,"date":"2024-06-12T13:16:35","date_gmt":"2024-06-12T13:16:35","guid":{"rendered":"https:\/\/demo.justvalue.se\/tlf\/mitt-konto\/"},"modified":"2025-11-05T09:31:13","modified_gmt":"2025-11-05T09:31:13","slug":"mitt-konto","status":"publish","type":"page","link":"https:\/\/demo.justvalue.se\/tlf\/mitt-konto\/","title":{"rendered":"Mitt konto"},"content":{"rendered":"\n<div style=\"height:100px\" aria-hidden=\"true\" class=\"wp-block-spacer\"><\/div>\n\n\n\n\n<div class=\"woocommerce\"><\/div>\n\n\n\n<div class=\"wp-block-ugb-columns ugb-columns ugb-827905b ugb-columns--design-plain ugb-columns--columns-3 ugb-main-block\"><div class=\"ugb-inner-block\"><div class=\"ugb-block-content\"><div class=\"ugb-columns__item ugb-827905b-content-wrapper\">\n<div class=\"wp-block-ugb-column ugb-column ugb-260a743 ugb-column--design-basic ugb-main-block\"><style>.ugb-260a743-column-wrapper{border-radius:0px !important;border-style:solid !important;border-color:#222831 !important;border-top-width:1px !important;border-right-width:1px !important;border-bottom-width:1px !important;border-left-width:1px !important;background-color:rgba(255,255,255,0) !important}@media screen and (min-width:768px){.ugb-260a743 > .ugb-inner-block > .ugb-block-content > *{padding-top:0px !important;padding-bottom:0px !important;padding-right:0px !important;padding-left:0px !important}}<\/style><div class=\"ugb-inner-block\"><div class=\"ugb-block-content\"><div class=\"ugb-column__item ugb-260a743-column-wrapper\"><div class=\"ugb-column__content-wrapper\">\n<h2 class=\"wp-block-heading fastlink\">Snabba l\u00e4nkar<\/h2>\n\n\n\n<p class=\"fastlinkundertxt\"><a href=\"https:\/\/kopadirekt.se\/betala-med-klarna-faq\/\">Betala med Klarna &#8211; FAQ<br><\/a><a href=\"https:\/\/kopadirekt.se\/refund-policy\/\">\u00c5terbetalningspolicy<\/a><a href=\"https:\/\/kopadirekt.se\/privacy-policy\/\"><br><\/a><a href=\"https:\/\/kopadirekt.se\/shipping-policy\/\">Leverant\u00f6rspolicy<\/a><br><a href=\"https:\/\/app.klarna.com\/login\">Klarna<\/a><\/p>\n<\/div><\/div><\/div><\/div><\/div>\n\n\n\n<div class=\"wp-block-ugb-column ugb-column ugb-b16ee00 ugb-column--design-basic ugb-main-block\"><style>.ugb-b16ee00-column-wrapper{border-radius:0px !important;border-style:solid !important;border-color:#222831 !important;border-top-width:1px !important;border-right-width:1px !important;border-bottom-width:1px !important;border-left-width:1px !important;background-color:rgba(255,255,255,0) !important}@media screen and (min-width:768px){.ugb-b16ee00 > .ugb-inner-block > .ugb-block-content > *{padding-top:0px !important;padding-bottom:0px !important;padding-right:0px !important;padding-left:0px !important}}<\/style><div class=\"ugb-inner-block\"><div class=\"ugb-block-content\"><div class=\"ugb-column__item ugb-b16ee00-column-wrapper\"><div class=\"ugb-column__content-wrapper\">\n<h2 class=\"wp-block-heading fastlink\" id=\"Kontaktuppgifter\">Kontaktuppgifter<\/h2>\n\n\n\n<p class=\"fastlinkundertxt\">Tel:&nbsp;<a href=\"tel: 070-9728186\">070-9728186<\/a><br>Mail: <a href=\"mailto:hello@kopadirekt.se\">hello@kopadirekt.se<br><\/a>\u00d6ppettider: M\u00e5n &#8211; Fre: 08:00 &#8211; 18:00<\/p>\n\n\n\n<p class=\"fastlinkundertxt\">The Lifestyle Factory AB<br>Org.nr: 559187-3004<br>K\u00e4llv\u00e4gen 14 a, 182 34 Danderyd<\/p>\n<\/div><\/div><\/div><\/div><\/div>\n\n\n\n<div class=\"wp-block-ugb-column ugb-column ugb-8d5a829 ugb-column--design-basic ugb-main-block\"><style>.ugb-8d5a829-column-wrapper{border-radius:0px !important;border-style:solid !important;border-color:#222831 !important;border-top-width:1px !important;border-right-width:1px !important;border-bottom-width:1px !important;border-left-width:1px !important;background-color:rgba(255,255,255,0) !important}@media screen and (min-width:768px){.ugb-8d5a829 > .ugb-inner-block > .ugb-block-content > *{padding-top:0px !important;padding-bottom:0px !important;padding-right:0px !important;padding-left:0px !important}}<\/style><div class=\"ugb-inner-block\"><div class=\"ugb-block-content\"><div class=\"ugb-column__item ugb-8d5a829-column-wrapper\"><div class=\"ugb-column__content-wrapper\">\n<h2 class=\"wp-block-heading fastlink\">Partnershoppar<\/h2>\n\n\n\n<p class=\"fastlinkundertxt\"><a href=\"http:\/\/jwmotion.kopadirekt.se\">jwmotion<br><\/a><a href=\"http:\/\/naprehab.kopadirekt.se\">naprehab<\/a><\/p>\n<\/div><\/div><\/div><\/div><\/div>\n<\/div><\/div><\/div><\/div>\n\n\n\n<div style=\"height:70px\" aria-hidden=\"true\" class=\"wp-block-spacer\"><\/div>\n","protected":false},"excerpt":{"rendered":"<p>Best\u00e4llningar Sp\u00e5ra, returnera, ladda ner faktura, se tidigare best\u00e4llningar eller k\u00f6p igen Digitala produkter Se alla dina digitala produkter som [&hellip;]<\/p>\n","protected":false},"author":1,"featured_media":0,"parent":0,"menu_order":0,"comment_status":"closed","ping_status":"closed","template":"","meta":{"_eb_attr":"","inline_featured_image":false,"_uag_custom_page_level_css":".woocommerce-MyAccount-navigation{\ndisplay: none;\n}\n.woocommerce-account .woocommerce-MyAccount-content{\nwidth: 100%;\n}","site-sidebar-layout":"no-sidebar","site-content-layout":"","ast-site-content-layout":"default","site-content-style":"default","site-sidebar-style":"default","ast-global-header-display":"","ast-banner-title-visibility":"","ast-main-header-display":"","ast-hfb-above-header-display":"","ast-hfb-below-header-display":"","ast-hfb-mobile-header-display":"","site-post-title":"disabled","ast-breadcrumbs-content":"","ast-featured-img":"","footer-sml-layout":"","ast-disable-related-posts":"","theme-transparent-header-meta":"","adv-header-id-meta":"","stick-header-meta":"","header-above-stick-meta":"","header-main-stick-meta":"","header-below-stick-meta":"","astra-migrate-meta-layouts":"default","ast-page-background-enabled":"default","ast-page-background-meta":{"desktop":{"background-color":"var(--ast-global-color-4)","background-image":"","background-repeat":"repeat","background-position":"center center","background-size":"auto","background-attachment":"scroll","background-type":"","background-media":"","overlay-type":"","overlay-color":"","overlay-opacity":"","overlay-gradient":""},"tablet":{"background-color":"","background-image":"","background-repeat":"repeat","background-position":"center center","background-size":"auto","background-attachment":"scroll","background-type":"","background-media":"","overlay-type":"","overlay-color":"","overlay-opacity":"","overlay-gradient":""},"mobile":{"background-color":"","background-image":"","background-repeat":"repeat","background-position":"center center","background-size":"auto","background-attachment":"scroll","background-type":"","background-media":"","overlay-type":"","overlay-color":"","overlay-opacity":"","overlay-gradient":""}},"ast-content-background-meta":{"desktop":{"background-color":"var(--ast-global-color-5)","background-image":"","background-repeat":"repeat","background-position":"center center","background-size":"auto","background-attachment":"scroll","background-type":"","background-media":"","overlay-type":"","overlay-color":"","overlay-opacity":"","overlay-gradient":""},"tablet":{"background-color":"var(--ast-global-color-5)","background-image":"","background-repeat":"repeat","background-position":"center center","background-size":"auto","background-attachment":"scroll","background-type":"","background-media":"","overlay-type":"","overlay-color":"","overlay-opacity":"","overlay-gradient":""},"mobile":{"background-color":"var(--ast-global-color-5)","background-image":"","background-repeat":"repeat","background-position":"center center","background-size":"auto","background-attachment":"scroll","background-type":"","background-media":"","overlay-type":"","overlay-color":"","overlay-opacity":"","overlay-gradient":""}},"footnotes":""},"categories":[],"tags":[],"class_list":["post-367","page","type-page","status-publish","hentry"],"featured_image_urls_v2":{"full":"","thumbnail":"","medium":"","medium_large":"","large":"","1536x1536":"","2048x2048":"","gform-image-choice-sm":"","gform-image-choice-md":"","gform-image-choice-lg":"","woocommerce_thumbnail":"","woocommerce_single":"","woocommerce_gallery_thumbnail":""},"post_excerpt_stackable_v2":"<p>Snabba l\u00e4nkar Betala med Klarna &#8211; FAQ\u00c5terbetalningspolicyLeverant\u00f6rspolicyKlarna Kontaktuppgifter Tel:&nbsp;070-9728186Mail: hello@kopadirekt.se\u00d6ppettider: M\u00e5n &#8211; Fre: 08:00 &#8211; 18:00 The Lifestyle Factory ABOrg.nr: 559187-3004K\u00e4llv\u00e4gen 14 a, 182 34 Danderyd Partnershoppar jwmotionnaprehab<\/p>\n","category_list_v2":"Okategoriserade","author_info_v2":{"name":"admin","url":"https:\/\/demo.justvalue.se\/tlf\/author\/admin\/"},"comments_num_v2":"0 comments","yoast_head":"<!-- This site is optimized with the Yoast SEO Premium plugin v20.4 (Yoast SEO v26.8) - https:\/\/yoast.com\/product\/yoast-seo-premium-wordpress\/ -->\n<title>Mitt konto - TLF<\/title>\n<meta name=\"robots\" content=\"noindex, follow, max-snippet:-1, max-image-preview:large, max-video-preview:-1\" \/>\n<meta property=\"og:locale\" content=\"sv_SE\" \/>\n<meta property=\"og:type\" content=\"article\" \/>\n<meta property=\"og:title\" content=\"Mitt konto\" \/>\n<meta property=\"og:description\" content=\"Best\u00e4llningar Sp\u00e5ra, returnera, ladda ner faktura, se tidigare best\u00e4llningar eller k\u00f6p igen Digitala produkter Se alla dina digitala produkter som [&hellip;]\" \/>\n<meta property=\"og:url\" content=\"https:\/\/demo.justvalue.se\/tlf\/mitt-konto\/\" \/>\n<meta property=\"og:site_name\" content=\"TLF\" \/>\n<meta property=\"article:modified_time\" content=\"2025-11-05T09:31:13+00:00\" \/>\n<meta property=\"og:image\" content=\"https:\/\/demo.justvalue.se\/tlf\/wp-content\/uploads\/2025\/08\/order-cart.png\" \/>\n\t<meta property=\"og:image:width\" content=\"512\" \/>\n\t<meta property=\"og:image:height\" content=\"512\" \/>\n\t<meta property=\"og:image:type\" content=\"image\/png\" \/>\n<meta name=\"twitter:card\" content=\"summary_large_image\" \/>\n<meta name=\"twitter:label1\" content=\"Ber\u00e4knad l\u00e4stid\" \/>\n\t<meta name=\"twitter:data1\" content=\"2 minuter\" \/>\n<script type=\"application\/ld+json\" class=\"yoast-schema-graph\">{\"@context\":\"https:\/\/schema.org\",\"@graph\":[{\"@type\":\"WebPage\",\"@id\":\"https:\/\/demo.justvalue.se\/tlf\/mitt-konto\/\",\"url\":\"https:\/\/demo.justvalue.se\/tlf\/mitt-konto\/\",\"name\":\"Mitt konto - TLF\",\"isPartOf\":{\"@id\":\"https:\/\/demo.justvalue.se\/tlf\/#website\"},\"primaryImageOfPage\":{\"@id\":\"https:\/\/demo.justvalue.se\/tlf\/mitt-konto\/#primaryimage\"},\"image\":{\"@id\":\"https:\/\/demo.justvalue.se\/tlf\/mitt-konto\/#primaryimage\"},\"thumbnailUrl\":\"https:\/\/demo.justvalue.se\/tlf\/wp-content\/uploads\/2025\/08\/order-cart.png\",\"datePublished\":\"2024-06-12T13:16:35+00:00\",\"dateModified\":\"2025-11-05T09:31:13+00:00\",\"breadcrumb\":{\"@id\":\"https:\/\/demo.justvalue.se\/tlf\/mitt-konto\/#breadcrumb\"},\"inLanguage\":\"sv-SE\",\"potentialAction\":[{\"@type\":\"ReadAction\",\"target\":[\"https:\/\/demo.justvalue.se\/tlf\/mitt-konto\/\"]}]},{\"@type\":\"ImageObject\",\"inLanguage\":\"sv-SE\",\"@id\":\"https:\/\/demo.justvalue.se\/tlf\/mitt-konto\/#primaryimage\",\"url\":\"https:\/\/demo.justvalue.se\/tlf\/wp-content\/uploads\/2025\/08\/order-cart.png\",\"contentUrl\":\"https:\/\/demo.justvalue.se\/tlf\/wp-content\/uploads\/2025\/08\/order-cart.png\",\"width\":512,\"height\":512},{\"@type\":\"BreadcrumbList\",\"@id\":\"https:\/\/demo.justvalue.se\/tlf\/mitt-konto\/#breadcrumb\",\"itemListElement\":[{\"@type\":\"ListItem\",\"position\":1,\"name\":\"Home\",\"item\":\"https:\/\/demo.justvalue.se\/tlf\/\"},{\"@type\":\"ListItem\",\"position\":2,\"name\":\"Mitt konto\"}]},{\"@type\":\"WebSite\",\"@id\":\"https:\/\/demo.justvalue.se\/tlf\/#website\",\"url\":\"https:\/\/demo.justvalue.se\/tlf\/\",\"name\":\"TLF\",\"description\":\"TLF\",\"publisher\":{\"@id\":\"https:\/\/demo.justvalue.se\/tlf\/#organization\"},\"potentialAction\":[{\"@type\":\"SearchAction\",\"target\":{\"@type\":\"EntryPoint\",\"urlTemplate\":\"https:\/\/demo.justvalue.se\/tlf\/?s={search_term_string}\"},\"query-input\":{\"@type\":\"PropertyValueSpecification\",\"valueRequired\":true,\"valueName\":\"search_term_string\"}}],\"inLanguage\":\"sv-SE\"},{\"@type\":\"Organization\",\"@id\":\"https:\/\/demo.justvalue.se\/tlf\/#organization\",\"name\":\"TLF\",\"url\":\"https:\/\/demo.justvalue.se\/tlf\/\",\"logo\":{\"@type\":\"ImageObject\",\"inLanguage\":\"sv-SE\",\"@id\":\"https:\/\/demo.justvalue.se\/tlf\/#\/schema\/logo\/image\/\",\"url\":\"https:\/\/demo.justvalue.se\/tlf\/wp-content\/uploads\/2025\/04\/TLF-Loggan-vit.png\",\"contentUrl\":\"https:\/\/demo.justvalue.se\/tlf\/wp-content\/uploads\/2025\/04\/TLF-Loggan-vit.png\",\"width\":512,\"height\":563,\"caption\":\"TLF\"},\"image\":{\"@id\":\"https:\/\/demo.justvalue.se\/tlf\/#\/schema\/logo\/image\/\"}}]}<\/script>\n<!-- \/ Yoast SEO Premium plugin. -->","yoast_head_json":{"title":"Mitt konto - TLF","robots":{"index":"noindex","follow":"follow","max-snippet":"max-snippet:-1","max-image-preview":"max-image-preview:large","max-video-preview":"max-video-preview:-1"},"og_locale":"sv_SE","og_type":"article","og_title":"Mitt konto","og_description":"Best\u00e4llningar Sp\u00e5ra, returnera, ladda ner faktura, se tidigare best\u00e4llningar eller k\u00f6p igen Digitala produkter Se alla dina digitala produkter som [&hellip;]","og_url":"https:\/\/demo.justvalue.se\/tlf\/mitt-konto\/","og_site_name":"TLF","article_modified_time":"2025-11-05T09:31:13+00:00","og_image":[{"width":512,"height":512,"url":"https:\/\/demo.justvalue.se\/tlf\/wp-content\/uploads\/2025\/08\/order-cart.png","type":"image\/png"}],"twitter_card":"summary_large_image","twitter_misc":{"Ber\u00e4knad l\u00e4stid":"2 minuter"},"schema":{"@context":"https:\/\/schema.org","@graph":[{"@type":"WebPage","@id":"https:\/\/demo.justvalue.se\/tlf\/mitt-konto\/","url":"https:\/\/demo.justvalue.se\/tlf\/mitt-konto\/","name":"Mitt konto - TLF","isPartOf":{"@id":"https:\/\/demo.justvalue.se\/tlf\/#website"},"primaryImageOfPage":{"@id":"https:\/\/demo.justvalue.se\/tlf\/mitt-konto\/#primaryimage"},"image":{"@id":"https:\/\/demo.justvalue.se\/tlf\/mitt-konto\/#primaryimage"},"thumbnailUrl":"https:\/\/demo.justvalue.se\/tlf\/wp-content\/uploads\/2025\/08\/order-cart.png","datePublished":"2024-06-12T13:16:35+00:00","dateModified":"2025-11-05T09:31:13+00:00","breadcrumb":{"@id":"https:\/\/demo.justvalue.se\/tlf\/mitt-konto\/#breadcrumb"},"inLanguage":"sv-SE","potentialAction":[{"@type":"ReadAction","target":["https:\/\/demo.justvalue.se\/tlf\/mitt-konto\/"]}]},{"@type":"ImageObject","inLanguage":"sv-SE","@id":"https:\/\/demo.justvalue.se\/tlf\/mitt-konto\/#primaryimage","url":"https:\/\/demo.justvalue.se\/tlf\/wp-content\/uploads\/2025\/08\/order-cart.png","contentUrl":"https:\/\/demo.justvalue.se\/tlf\/wp-content\/uploads\/2025\/08\/order-cart.png","width":512,"height":512},{"@type":"BreadcrumbList","@id":"https:\/\/demo.justvalue.se\/tlf\/mitt-konto\/#breadcrumb","itemListElement":[{"@type":"ListItem","position":1,"name":"Home","item":"https:\/\/demo.justvalue.se\/tlf\/"},{"@type":"ListItem","position":2,"name":"Mitt konto"}]},{"@type":"WebSite","@id":"https:\/\/demo.justvalue.se\/tlf\/#website","url":"https:\/\/demo.justvalue.se\/tlf\/","name":"TLF","description":"TLF","publisher":{"@id":"https:\/\/demo.justvalue.se\/tlf\/#organization"},"potentialAction":[{"@type":"SearchAction","target":{"@type":"EntryPoint","urlTemplate":"https:\/\/demo.justvalue.se\/tlf\/?s={search_term_string}"},"query-input":{"@type":"PropertyValueSpecification","valueRequired":true,"valueName":"search_term_string"}}],"inLanguage":"sv-SE"},{"@type":"Organization","@id":"https:\/\/demo.justvalue.se\/tlf\/#organization","name":"TLF","url":"https:\/\/demo.justvalue.se\/tlf\/","logo":{"@type":"ImageObject","inLanguage":"sv-SE","@id":"https:\/\/demo.justvalue.se\/tlf\/#\/schema\/logo\/image\/","url":"https:\/\/demo.justvalue.se\/tlf\/wp-content\/uploads\/2025\/04\/TLF-Loggan-vit.png","contentUrl":"https:\/\/demo.justvalue.se\/tlf\/wp-content\/uploads\/2025\/04\/TLF-Loggan-vit.png","width":512,"height":563,"caption":"TLF"},"image":{"@id":"https:\/\/demo.justvalue.se\/tlf\/#\/schema\/logo\/image\/"}}]}},"uagb_featured_image_src":{"full":false,"thumbnail":false,"medium":false,"medium_large":false,"large":false,"1536x1536":false,"2048x2048":false,"gform-image-choice-sm":false,"gform-image-choice-md":false,"gform-image-choice-lg":false,"woocommerce_thumbnail":false,"woocommerce_single":false,"woocommerce_gallery_thumbnail":false},"uagb_author_info":{"display_name":"admin","author_link":"https:\/\/demo.justvalue.se\/tlf\/author\/admin\/"},"uagb_comment_info":0,"uagb_excerpt":"Best\u00e4llningar Sp\u00e5ra, returnera, ladda ner faktura, se tidigare best\u00e4llningar eller k\u00f6p igen Digitala produkter Se alla dina digitala produkter som [&hellip;]","_links":{"self":[{"href":"https:\/\/demo.justvalue.se\/tlf\/wp-json\/wp\/v2\/pages\/367","targetHints":{"allow":["GET"]}}],"collection":[{"href":"https:\/\/demo.justvalue.se\/tlf\/wp-json\/wp\/v2\/pages"}],"about":[{"href":"https:\/\/demo.justvalue.se\/tlf\/wp-json\/wp\/v2\/types\/page"}],"author":[{"embeddable":true,"href":"https:\/\/demo.justvalue.se\/tlf\/wp-json\/wp\/v2\/users\/1"}],"replies":[{"embeddable":true,"href":"https:\/\/demo.justvalue.se\/tlf\/wp-json\/wp\/v2\/comments?post=367"}],"version-history":[{"count":41,"href":"https:\/\/demo.justvalue.se\/tlf\/wp-json\/wp\/v2\/pages\/367\/revisions"}],"predecessor-version":[{"id":7669,"href":"https:\/\/demo.justvalue.se\/tlf\/wp-json\/wp\/v2\/pages\/367\/revisions\/7669"}],"wp:attachment":[{"href":"https:\/\/demo.justvalue.se\/tlf\/wp-json\/wp\/v2\/media?parent=367"}],"wp:term":[{"taxonomy":"category","embeddable":true,"href":"https:\/\/demo.justvalue.se\/tlf\/wp-json\/wp\/v2\/categories?post=367"},{"taxonomy":"post_tag","embeddable":true,"href":"https:\/\/demo.justvalue.se\/tlf\/wp-json\/wp\/v2\/tags?post=367"}],"curies":[{"name":"wp","href":"https:\/\/api.w.org\/{rel}","templated":true}]}}